{"id":3525,"date":"2020-02-16T19:00:24","date_gmt":"2020-02-16T18:00:24","guid":{"rendered":"http:\/\/alabanda.cz\/?post_type=product&#038;p=3525"},"modified":"2023-10-13T19:47:37","modified_gmt":"2023-10-13T17:47:37","slug":"mikrofon-3-5mm-jack-pripinaci","status":"publish","type":"product","link":"https:\/\/alabanda.cz\/index.php\/produkt\/mikrofon-3-5mm-jack-pripinaci\/","title":{"rendered":"Alabanda E25 Mikrofon 3.5mm jack p\u0159ip\u00ednac\u00ed"},"content":{"rendered":"<p>Mikrofon 3.5mm jack p\u0159ip\u00ednac\u00ed<\/p>\n","protected":false},"excerpt":{"rendered":"<p>Mikrofon 3.5mm jack p\u0159ip\u00ednac\u00ed<\/p>\n","protected":false},"featured_media":3530,"comment_status":"open","ping_status":"closed","template":"","meta":{"om_disable_all_campaigns":false,"_monsterinsights_skip_tracking":false,"_monsterinsights_sitenote_active":false,"_monsterinsights_sitenote_note":"","_monsterinsights_sitenote_category":0},"product_brand":[],"product_cat":[86,60],"product_tag":[],"class_list":{"0":"post-3525","1":"product","2":"type-product","3":"status-publish","4":"has-post-thumbnail","6":"product_cat-mikrofony-audio","7":"product_cat-vsechno","9":"first","10":"outofstock","11":"shipping-taxable","12":"purchasable","13":"product-type-simple"},"jetpack_sharing_enabled":true,"_links":{"self":[{"href":"https:\/\/alabanda.cz\/index.php\/wp-json\/wp\/v2\/product\/3525","targetHints":{"allow":["GET"]}}],"collection":[{"href":"https:\/\/alabanda.cz\/index.php\/wp-json\/wp\/v2\/product"}],"about":[{"href":"https:\/\/alabanda.cz\/index.php\/wp-json\/wp\/v2\/types\/product"}],"replies":[{"embeddable":true,"href":"https:\/\/alabanda.cz\/index.php\/wp-json\/wp\/v2\/comments?post=3525"}],"wp:featuredmedia":[{"embeddable":true,"href":"https:\/\/alabanda.cz\/index.php\/wp-json\/wp\/v2\/media\/3530"}],"wp:attachment":[{"href":"https:\/\/alabanda.cz\/index.php\/wp-json\/wp\/v2\/media?parent=3525"}],"wp:term":[{"taxonomy":"product_brand","embeddable":true,"href":"https:\/\/alabanda.cz\/index.php\/wp-json\/wp\/v2\/product_brand?post=3525"},{"taxonomy":"product_cat","embeddable":true,"href":"https:\/\/alabanda.cz\/index.php\/wp-json\/wp\/v2\/product_cat?post=3525"},{"taxonomy":"product_tag","embeddable":true,"href":"https:\/\/alabanda.cz\/index.php\/wp-json\/wp\/v2\/product_tag?post=3525"}],"curies":[{"name":"wp","href":"https:\/\/api.w.org\/{rel}","templated":true}]}}