{"id":3541,"date":"2020-02-16T21:21:14","date_gmt":"2020-02-16T20:21:14","guid":{"rendered":"http:\/\/alabanda.cz\/?post_type=product&#038;p=3541"},"modified":"2023-03-03T22:55:34","modified_gmt":"2023-03-03T21:55:34","slug":"samsung-galaxy-a5-2017-silikonovy-kryt","status":"publish","type":"product","link":"https:\/\/alabanda.cz\/index.php\/produkt\/samsung-galaxy-a5-2017-silikonovy-kryt\/","title":{"rendered":"Samsung Galaxy A5 2017 silikonov\u00fd kryt"},"content":{"rendered":"<p>Zadn\u00ed silikonov\u00fd kryt\/pouzdro pro Samsung Galaxy A5 2017<\/p>\n","protected":false},"excerpt":{"rendered":"<p>Zadn\u00ed silikonov\u00fd kryt\/pouzdro pro Samsung Galaxy A5 2017<\/p>\n","protected":false},"featured_media":3542,"comment_status":"open","ping_status":"closed","template":"","meta":{"om_disable_all_campaigns":false,"_monsterinsights_skip_tracking":false,"_monsterinsights_sitenote_active":false,"_monsterinsights_sitenote_note":"","_monsterinsights_sitenote_category":0},"product_brand":[],"product_cat":[91,60],"product_tag":[],"class_list":{"0":"post-3541","1":"product","2":"type-product","3":"status-publish","4":"has-post-thumbnail","6":"product_cat-pouzdra-na-mobilni-telefony","7":"product_cat-vsechno","9":"first","10":"instock","11":"sale","12":"shipping-taxable","13":"purchasable","14":"product-type-simple"},"jetpack_sharing_enabled":true,"_links":{"self":[{"href":"https:\/\/alabanda.cz\/index.php\/wp-json\/wp\/v2\/product\/3541","targetHints":{"allow":["GET"]}}],"collection":[{"href":"https:\/\/alabanda.cz\/index.php\/wp-json\/wp\/v2\/product"}],"about":[{"href":"https:\/\/alabanda.cz\/index.php\/wp-json\/wp\/v2\/types\/product"}],"replies":[{"embeddable":true,"href":"https:\/\/alabanda.cz\/index.php\/wp-json\/wp\/v2\/comments?post=3541"}],"wp:featuredmedia":[{"embeddable":true,"href":"https:\/\/alabanda.cz\/index.php\/wp-json\/wp\/v2\/media\/3542"}],"wp:attachment":[{"href":"https:\/\/alabanda.cz\/index.php\/wp-json\/wp\/v2\/media?parent=3541"}],"wp:term":[{"taxonomy":"product_brand","embeddable":true,"href":"https:\/\/alabanda.cz\/index.php\/wp-json\/wp\/v2\/product_brand?post=3541"},{"taxonomy":"product_cat","embeddable":true,"href":"https:\/\/alabanda.cz\/index.php\/wp-json\/wp\/v2\/product_cat?post=3541"},{"taxonomy":"product_tag","embeddable":true,"href":"https:\/\/alabanda.cz\/index.php\/wp-json\/wp\/v2\/product_tag?post=3541"}],"curies":[{"name":"wp","href":"https:\/\/api.w.org\/{rel}","templated":true}]}}