{"id":4361,"date":"2020-12-09T23:46:07","date_gmt":"2020-12-09T22:46:07","guid":{"rendered":"http:\/\/alabanda.cz\/?post_type=product&#038;p=4361"},"modified":"2023-07-29T21:45:48","modified_gmt":"2023-07-29T19:45:48","slug":"amazon-kindle-paperwhite-4-2018","status":"publish","type":"product","link":"https:\/\/alabanda.cz\/index.php\/produkt\/amazon-kindle-paperwhite-4-2018\/","title":{"rendered":"Amazon Kindle Paperwhite 4 2018"},"content":{"rendered":"<h1 style=\"color: black; font-weight: bold;\">Amazon Kindle Paperwhite 4 2018<\/h1>\n<p>&nbsp;<\/p>\n<table>\n<tbody>\n<tr>\n<td style=\"font-weight: bold; font-size: 12px; border-bottom: 1px solid #e2e2e2;\">Display<\/td>\n<td>Uhlop\u0159\u00ed\u010dka displeje je 6 palc\u016f (15 cm). \u010cte\u010dka m\u00e1 e-paper displej a 300 ppi(points per inch) s integrovan\u00fdm podsv\u00edcen\u00edm.<\/td>\n<\/tr>\n<tr>\n<td style=\"font-weight: bold; font-size: 12px; border-bottom: 1px solid #e2e2e2;\">Rozm\u011bry<\/td>\n<td>167 mm x 116 mm x 8.18 mm<\/td>\n<\/tr>\n<tr>\n<td style=\"font-weight: bold; font-size: 12px; border-bottom: 1px solid #e2e2e2;\">Hmotnost<\/td>\n<td>182g<\/td>\n<\/tr>\n<tr>\n<td style=\"font-weight: bold; font-size: 12px; border-bottom: 1px solid #e2e2e2;\">Syst\u00e9mov\u00e9 po\u017eadavky<\/td>\n<td>Ke stahov\u00e1n\u00ed knih nen\u00ed zapot\u0159eb\u00ed po\u010d\u00edta\u010d &#8211; \u010dte\u010dka funguje bezdr\u00e1tov\u011b(Wi-Fi).<\/td>\n<\/tr>\n<tr>\n<td style=\"font-weight: bold; font-size: 12px; border-bottom: 1px solid #e2e2e2;\">Pam\u011b\u0165<\/td>\n<td>8 nebo 32 GB. \u010cte\u010dka dok\u00e1\u017ee uchovat tis\u00edce knih.<\/td>\n<\/tr>\n<tr>\n<td style=\"font-weight: bold; font-size: 12px; border-bottom: 1px solid #e2e2e2;\">Cloud Storage<\/td>\n<td>Cloud Storage u Amazonu zdarma.<\/td>\n<\/tr>\n<tr>\n<td style=\"font-weight: bold; font-size: 12px; border-bottom: 1px solid #e2e2e2;\">V\u00fddr\u017e baterie<\/td>\n<td>Baterie vydr\u017e\u00ed 6 t\u00fddny za p\u0159edpokladu, \u017ee budete \u010d\u00edst p\u016fl hodiny denn\u011b.<\/td>\n<\/tr>\n<tr>\n<td style=\"font-weight: bold; font-size: 12px; border-bottom: 1px solid #e2e2e2;\">Doba nabit\u00ed<\/td>\n<td>Lze pou\u017e\u00edt p\u0159ilo\u017een\u00fd USB 2.0 kabel. \u010cte\u010dka se z po\u010d\u00edta\u010de dobije za 3 hodiny.<\/td>\n<\/tr>\n<tr>\n<td style=\"font-weight: bold; font-size: 12px; border-bottom: 1px solid #e2e2e2;\">Bezdr\u00e1tovost<\/td>\n<td>\u010cte\u010dka podporuje ve\u0159ejn\u00e9 i soukrom\u00e9 Wi-Fi s\u00edt\u011b, kter\u00e9 vyu\u017e\u00edvaj\u00ed jednu z n\u00e1sleduj\u00edc\u00edh norem: 802.11b, 802.11g, 802.11n. Podporuje WEP, WPA, WPA2 a WPS(Wi-Fi Protected Setup)<\/td>\n<\/tr>\n<tr>\n<td style=\"font-weight: bold; font-size: 12px; border-bottom: 1px solid #e2e2e2;\">USB port<\/td>\n<td>USB 2.0 (micro-B USB)<\/td>\n<\/tr>\n<tr>\n<td style=\"font-weight: bold; font-size: 12px; border-bottom: 1px solid #e2e2e2;\">Podporovan\u00e9 form\u00e1ty<\/td>\n<td>Kindle (AZW3 a AZW), TXT, PDF, nechr\u00e1n\u011bn\u00e9 MOBI, PRC nativ; HTML, DOC, DOCX, JPEG, GIF, PNG, PMP skrze konverzi a audio form\u00e1t AAX.<\/td>\n<\/tr>\n<tr>\n<td style=\"font-weight: bold; font-size: 12px; border-bottom: 1px solid #e2e2e2;\">Dokumentace<\/td>\n<td>Quick Start Guide (sou\u010d\u00e1st\u00ed dod\u00e1vky), Kindle Paperwhite U\u017eivatelsk\u00e1 p\u0159\u00edru\u010dka. V\u00edce informac\u00ed je k dispozici on-line. Podporovan\u00e9 jazyky ovl\u00e1d\u00e1n\u00ed nab\u00edzen\u00e9 na \u010desk\u00e9m trhu jsou Angli\u010dtina, N\u011bm\u010dina, \u0160pan\u011bl\u0161tina, Francouz\u0161tina, Ital\u0161tina, \u010c\u00edn\u0161tina, Holand\u0161tina, Portugal\u0161tina a Ru\u0161tina. Knihy je samoz\u0159ejm\u011b mo\u017en\u00e9 \u010d\u00edst i v \u010de\u0161tin\u011b.<\/td>\n<\/tr>\n<tr>\n<td style=\"font-weight: bold; font-size: 12px; border-bottom: 1px solid #e2e2e2;\">Amazon<\/td>\n<td>Po prvn\u00edm zapnut\u00ed \u010dte\u010dky je nutn\u00e9 si vybrat ke kter\u00e9mu \u00fa\u010dtu na Amazonu si svou \u010dte\u010dku p\u0159ihl\u00e1s\u00edte. Amazon poskytuje i technickou podporu.<\/td>\n<\/tr>\n<tr>\n<td style=\"font-weight: bold; font-size: 12px; border-bottom: 1px solid #e2e2e2;\">Vod\u011bodolnost<\/td>\n<td>Vod\u011bodolnost (IPX8), odol\u00e1 pono\u0159en\u00ed v \u010dist\u00e9 vod\u011b a\u017e 60 minut v hloubce 2 metr\u016f.<\/td>\n<\/tr>\n<tr>\n<td style=\"font-weight: bold; font-size: 12px; border-bottom: 1px solid #e2e2e2;\">Obsah balen\u00ed<\/td>\n<td>\u010cte\u010dka Amazon Kindle Paperwhite 4 2018, USB 2.0 kabel a Quick Start Guide.<\/td>\n<\/tr>\n<\/tbody>\n<\/table>\n","protected":false},"excerpt":{"rendered":"<p>Amazon Kindle Paperwhite 4 2018 &nbsp; Display Uhlop\u0159\u00ed\u010dka displeje je 6 palc\u016f (15 cm). \u010cte\u010dka m\u00e1 e-paper displej a 300&hellip;<\/p>\n","protected":false},"featured_media":4376,"comment_status":"open","ping_status":"closed","template":"","meta":{"om_disable_all_campaigns":false,"_monsterinsights_skip_tracking":false,"_monsterinsights_sitenote_active":false,"_monsterinsights_sitenote_note":"","_monsterinsights_sitenote_category":0},"product_brand":[],"product_cat":[118,60],"product_tag":[],"class_list":{"0":"post-4361","1":"product","2":"type-product","3":"status-publish","4":"has-post-thumbnail","6":"product_cat-ctecky-elektronickych-knih","7":"product_cat-vsechno","8":"product_shipping_class-neskladne","10":"first","11":"onbackorder","12":"sale","13":"shipping-taxable","14":"purchasable","15":"product-type-variable","16":"has-default-attributes"},"jetpack_sharing_enabled":true,"_links":{"self":[{"href":"https:\/\/alabanda.cz\/index.php\/wp-json\/wp\/v2\/product\/4361","targetHints":{"allow":["GET"]}}],"collection":[{"href":"https:\/\/alabanda.cz\/index.php\/wp-json\/wp\/v2\/product"}],"about":[{"href":"https:\/\/alabanda.cz\/index.php\/wp-json\/wp\/v2\/types\/product"}],"replies":[{"embeddable":true,"href":"https:\/\/alabanda.cz\/index.php\/wp-json\/wp\/v2\/comments?post=4361"}],"wp:featuredmedia":[{"embeddable":true,"href":"https:\/\/alabanda.cz\/index.php\/wp-json\/wp\/v2\/media\/4376"}],"wp:attachment":[{"href":"https:\/\/alabanda.cz\/index.php\/wp-json\/wp\/v2\/media?parent=4361"}],"wp:term":[{"taxonomy":"product_brand","embeddable":true,"href":"https:\/\/alabanda.cz\/index.php\/wp-json\/wp\/v2\/product_brand?post=4361"},{"taxonomy":"product_cat","embeddable":true,"href":"https:\/\/alabanda.cz\/index.php\/wp-json\/wp\/v2\/product_cat?post=4361"},{"taxonomy":"product_tag","embeddable":true,"href":"https:\/\/alabanda.cz\/index.php\/wp-json\/wp\/v2\/product_tag?post=4361"}],"curies":[{"name":"wp","href":"https:\/\/api.w.org\/{rel}","templated":true}]}}