{"id":4708,"date":"2021-02-19T15:24:34","date_gmt":"2021-02-19T14:24:34","guid":{"rendered":"http:\/\/alabanda.cz\/?post_type=product&#038;p=4708"},"modified":"2025-12-29T11:01:44","modified_gmt":"2025-12-29T10:01:44","slug":"pocketbook-touch-lux-5-628","status":"publish","type":"product","link":"https:\/\/alabanda.cz\/index.php\/produkt\/pocketbook-touch-lux-5-628\/","title":{"rendered":"PocketBook Touch Lux 5 (628)"},"content":{"rendered":"<h1>PocketBook Touch Lux 5<\/h1>\n<table>\n<tbody>\n<tr>\n<td style=\"font-weight: bold; font-size: 12px; border-bottom: 1px solid #e2e2e2;\">Display<\/td>\n<td>Uhlop\u0159\u00ed\u010dka displeje je 6 palc\u016f. \u010cte\u010dka m\u00e1 E Ink Carta displej s optick\u00fdmi vlastnostmi tak bl\u00edzk\u00fdmi b\u011b\u017en\u00e9 ti\u0161t\u011bn\u00e9 str\u00e1nce knihy, jak je to jen mo\u017en\u00e9. Technologie Eye-safe E Ink pro nejlep\u0161\u00ed z\u00e1\u017eitek ze \u010dten\u00ed.<\/td>\n<\/tr>\n<tr>\n<td style=\"font-weight: bold; font-size: 12px; border-bottom: 1px solid #e2e2e2;\">SMARTlight<\/td>\n<td>Rozli\u0161en\u00edm 758 x 1024 s techonologi\u00ed SMARTlight umo\u017e\u0148uje p\u0159izp\u016fsoben\u00ed jasu a teploty obrazovky. Display m\u00e1 212 DPI a 16 stup\u0148\u016f \u0161edi.<\/td>\n<\/tr>\n<tr>\n<td style=\"font-weight: bold; font-size: 12px; border-bottom: 1px solid #e2e2e2;\">Dotykov\u00e1 obrazovka<\/td>\n<td>Kapacitn\u00ed (v\u00edcesenzorov\u00e1)<\/td>\n<\/tr>\n<tr>\n<td style=\"font-weight: bold; font-size: 12px; border-bottom: 1px solid #e2e2e2;\">Rozm\u011bry<\/td>\n<td>161,3 mm x 108 mm x 8 mm<\/td>\n<\/tr>\n<tr>\n<td style=\"font-weight: bold; font-size: 12px; border-bottom: 1px solid #e2e2e2;\">Bezdr\u00e1tovost<\/td>\n<td>\u010cte\u010dka funguje bezdr\u00e1tov\u011b (Wi-Fi)<\/td>\n<\/tr>\n<tr>\n<td style=\"font-weight: bold; font-size: 12px; border-bottom: 1px solid #e2e2e2;\">Podporovan\u00e9 form\u00e1ty<\/td>\n<td>\u010cte\u010dka podporuje 19 form\u00e1t\u016f knih (ACSM, CBR, CBZ, CHM, DJVU, DOC, DOCX, EPUB, EPUB(DRM), FB2, FB2.ZIP, HTM, HTML, MOBI, PDF, PDF (DRM), PRC, RTF, TXT), 4 form\u00e1ty obr\u00e1zk\u016f (JPEG, BMP, PNG, TIFF) a form\u00e1ty grafiky (v\u010detn\u011b form\u00e1t\u016f komiks\u016f CBR a CBZ).<\/td>\n<\/tr>\n<tr>\n<td style=\"font-weight: bold; font-size: 12px; border-bottom: 1px solid #e2e2e2;\"><strong>Procesor, pam\u011b\u0165 a opera\u010dn\u00ed syst\u00e9m<\/strong><\/td>\n<td>V\u00fdkonn\u00fd dvouj\u00e1drov\u00fd procesor s frekvenc\u00ed 1GHz, RAM 512 MB, OS Linux 3.10.65<\/td>\n<\/tr>\n<tr>\n<td style=\"font-weight: bold; font-size: 12px; border-bottom: 1px solid #e2e2e2;\"><strong>Vnit\u0159n\u00ed pam\u011b\u0165<\/strong><\/td>\n<td>Intern\u00ed ulo\u017ei\u0161t\u011b 8 GB s mo\u017enost\u00ed roz\u0161\u00ed\u0159en\u00ed pomoc\u00ed microSD karty (maxim\u00e1ln\u011b 32 GB) umo\u017en\u00ed sta\u017een\u00ed a\u017e tis\u00edc\u016f knih<\/td>\n<\/tr>\n<tr>\n<td style=\"font-weight: bold; font-size: 12px; border-bottom: 1px solid #e2e2e2;\">Kapacita baterie<\/td>\n<td>1500 mAH (lithium-polymerov\u00e1). V\u00fddr\u017e baterie a\u017e jeden m\u011bs\u00edc (m\u016f\u017ee se li\u0161it v z\u00e1vislosti na re\u017eimu pou\u017eit\u00ed, p\u0159ipojen\u00ed a nastaven\u00ed). Pro dobit\u00ed lze pou\u017e\u00edt p\u0159ilo\u017een\u00fd USB kabel.<\/td>\n<\/tr>\n<tr>\n<td style=\"font-weight: bold; font-size: 12px; border-bottom: 1px solid #e2e2e2;\">Funkce sp\u00e1nku<\/td>\n<td>\u010cte\u010dka m\u00e1 senzor krytu a p\u0159i zav\u0159en\u00ed se sama usp\u00ed.<\/td>\n<\/tr>\n<tr>\n<td style=\"font-weight: bold; font-size: 12px; border-bottom: 1px solid #e2e2e2;\">USB port<\/td>\n<td>Micro USB<\/td>\n<\/tr>\n<tr>\n<td style=\"font-weight: bold; font-size: 12px; border-bottom: 1px solid #e2e2e2;\">Online slu\u017eby<\/td>\n<td>ReadRate, Dropbox PocketBook a Send-to-PocketBook umo\u017e\u0148uj\u00ed snadn\u00e9 a rychl\u00e9 doru\u010dov\u00e1n\u00ed e-obsahu do za\u0159\u00edzen\u00ed<\/td>\n<\/tr>\n<tr>\n<td style=\"font-weight: bold; font-size: 12px; border-bottom: 1px solid #e2e2e2;\">Aplikace<\/td>\n<td>Knihkupectv\u00ed, Knihovna, Slovn\u00edk, Prohl\u00ed\u017ee\u010d, Galerie, Kalkula\u010dka, Pozn\u00e1mka, Zpr\u00e1vy RSS, \u0160achy, Klondike, Klikyh\u00e1ky, Sudoku<\/td>\n<\/tr>\n<tr>\n<td style=\"font-weight: bold; font-size: 12px; border-bottom: 1px solid #e2e2e2;\">Barva<\/td>\n<td>Klasick\u00e1 inkoustov\u011b \u010dern\u00e1 nebo atraktivn\u00ed rub\u00ednov\u011b \u010derven\u00e1<\/td>\n<\/tr>\n<tr>\n<td style=\"font-weight: bold; font-size: 12px; border-bottom: 1px solid #e2e2e2;\">Hmotnost<\/td>\n<td>155g<\/td>\n<\/tr>\n<tr>\n<td style=\"font-weight: bold; font-size: 12px; border-bottom: 1px solid #e2e2e2;\">Obsah balen\u00ed<\/td>\n<td>\u010cte\u010dka elektronick\u00fdch knih, kabel microUSB, \u00favodn\u00ed p\u0159\u00edru\u010dka, z\u00e1ru\u010dn\u00ed list<\/td>\n<\/tr>\n<\/tbody>\n<\/table>\n","protected":false},"excerpt":{"rendered":"<p>PocketBook Touch Lux 5 Display Uhlop\u0159\u00ed\u010dka displeje je 6 palc\u016f. \u010cte\u010dka m\u00e1 E Ink Carta displej s optick\u00fdmi vlastnostmi tak&hellip;<\/p>\n","protected":false},"featured_media":4721,"comment_status":"open","ping_status":"closed","template":"","meta":{"om_disable_all_campaigns":false,"_monsterinsights_skip_tracking":false,"_monsterinsights_sitenote_active":false,"_monsterinsights_sitenote_note":"","_monsterinsights_sitenote_category":0},"product_brand":[],"product_cat":[118,60],"product_tag":[],"class_list":{"0":"post-4708","1":"product","2":"type-product","3":"status-publish","4":"has-post-thumbnail","6":"product_cat-ctecky-elektronickych-knih","7":"product_cat-vsechno","8":"product_shipping_class-neskladne","10":"first","11":"outofstock","12":"shipping-taxable","13":"product-type-variable"},"jetpack_sharing_enabled":true,"_links":{"self":[{"href":"https:\/\/alabanda.cz\/index.php\/wp-json\/wp\/v2\/product\/4708","targetHints":{"allow":["GET"]}}],"collection":[{"href":"https:\/\/alabanda.cz\/index.php\/wp-json\/wp\/v2\/product"}],"about":[{"href":"https:\/\/alabanda.cz\/index.php\/wp-json\/wp\/v2\/types\/product"}],"replies":[{"embeddable":true,"href":"https:\/\/alabanda.cz\/index.php\/wp-json\/wp\/v2\/comments?post=4708"}],"wp:featuredmedia":[{"embeddable":true,"href":"https:\/\/alabanda.cz\/index.php\/wp-json\/wp\/v2\/media\/4721"}],"wp:attachment":[{"href":"https:\/\/alabanda.cz\/index.php\/wp-json\/wp\/v2\/media?parent=4708"}],"wp:term":[{"taxonomy":"product_brand","embeddable":true,"href":"https:\/\/alabanda.cz\/index.php\/wp-json\/wp\/v2\/product_brand?post=4708"},{"taxonomy":"product_cat","embeddable":true,"href":"https:\/\/alabanda.cz\/index.php\/wp-json\/wp\/v2\/product_cat?post=4708"},{"taxonomy":"product_tag","embeddable":true,"href":"https:\/\/alabanda.cz\/index.php\/wp-json\/wp\/v2\/product_tag?post=4708"}],"curies":[{"name":"wp","href":"https:\/\/api.w.org\/{rel}","templated":true}]}}