{"id":4723,"date":"2021-02-19T15:56:27","date_gmt":"2021-02-19T14:56:27","guid":{"rendered":"http:\/\/alabanda.cz\/?post_type=product&#038;p=4723"},"modified":"2023-12-08T21:46:12","modified_gmt":"2023-12-08T20:46:12","slug":"pocketbook-touch-hd-3-632","status":"publish","type":"product","link":"https:\/\/alabanda.cz\/index.php\/produkt\/pocketbook-touch-hd-3-632\/","title":{"rendered":"PocketBook Touch HD 3 (632)"},"content":{"rendered":"<h1>PocketBook Touch HD 3<\/h1>\n<table>\n<tbody>\n<tr>\n<td style=\"font-weight: bold; font-size: 12px; border-bottom: 1px solid #e2e2e2;\">Display<\/td>\n<td>Uhlop\u0159\u00ed\u010dka displeje je 6 palc\u016f. \u010cte\u010dka m\u00e1 E Ink Carta displej, kter\u00fd zaru\u010duje ostrost str\u00e1nky jako u skute\u010dn\u00e9 knihy.<\/td>\n<\/tr>\n<tr>\n<td style=\"font-weight: bold; font-size: 12px; border-bottom: 1px solid #e2e2e2;\">SMARTlight<\/td>\n<td>Rozli\u0161en\u00edm 1072 x 1448 s techonologi\u00ed SMARTlight plynule vyva\u017euje sv\u011btlo, aby byla \u010detba p\u0159ijemn\u00e1 ve dne i v noci. Display m\u00e1 300 DPI a 16 stup\u0148\u016f \u0161edi.<\/td>\n<\/tr>\n<tr>\n<td style=\"font-weight: bold; font-size: 12px; border-bottom: 1px solid #e2e2e2;\">Dotykov\u00e1 obrazovka<\/td>\n<td>Kapacitn\u00ed (v\u00edcesenzorov\u00e1)<\/td>\n<\/tr>\n<tr>\n<td style=\"font-weight: bold; font-size: 12px; border-bottom: 1px solid #e2e2e2;\">Ochrana<\/td>\n<td>Kompletn\u00ed vodot\u011bsnost z\u00e1sluhou technologie HZO Protection\u2122<\/td>\n<\/tr>\n<tr>\n<td style=\"font-weight: bold; font-size: 12px; border-bottom: 1px solid #e2e2e2;\">Zvuk a p\u0159evod textu na \u0159e\u010d<\/td>\n<td>Integrovan\u00e9 zvukov\u00e9 funkce s podporou form\u00e1t\u016f MP3 a M4B lze vyu\u017e\u00edvat d\u00edky audio adapt\u00e9ru micro USB a bezdr\u00e1tov\u00e9mu p\u0159ipojen\u00ed Bluetooth. Funkce Text-to-Speech p\u0159ev\u00e1d\u00ed text na \u0159e\u010d a hlasit\u011b p\u0159ed\u010d\u00edt\u00e1 libovoln\u00fd textov\u00fd soubor v n\u011bkter\u00e9m z podporovan\u00fdch form\u00e1t\u016f.<\/td>\n<\/tr>\n<tr>\n<td style=\"font-weight: bold; font-size: 12px; border-bottom: 1px solid #e2e2e2;\">Rozm\u011bry<\/td>\n<td>161,3 mm x 108 mm x 8 mm<\/td>\n<\/tr>\n<tr>\n<td style=\"font-weight: bold; font-size: 12px; border-bottom: 1px solid #e2e2e2;\">Bezdr\u00e1tovost<\/td>\n<td>\u010cte\u010dka funguje bezdr\u00e1tov\u011b (Wi-Fi)<\/td>\n<\/tr>\n<tr>\n<td style=\"font-weight: bold; font-size: 12px; border-bottom: 1px solid #e2e2e2;\">Automatick\u00e9 ot\u00e1\u010den\u00ed<\/td>\n<td>Vestav\u011bn\u00fd G-senzor a funkce automatick\u00e9ho ot\u00e1\u010den\u00ed<\/td>\n<\/tr>\n<tr>\n<td style=\"font-weight: bold; font-size: 12px; border-bottom: 1px solid #e2e2e2;\">Podporovan\u00e9 form\u00e1ty<\/td>\n<td>\u010cte\u010dka podporuje 19 form\u00e1t\u016f knih (ACSM, CBR, CBZ, CHM, DJVU, DOC, DOCX, EPUB, EPUB(DRM), FB2, FB2.ZIP, HTM, HTML, MOBI, PDF, PDF (DRM), PRC, RTF, TXT) a 4 form\u00e1ty obr\u00e1zk\u016f (JPEG, BMP, PNG, TIFF).<\/td>\n<\/tr>\n<tr>\n<td style=\"font-weight: bold; font-size: 12px; border-bottom: 1px solid #e2e2e2;\"><strong>Procesor, pam\u011b\u0165 a opera\u010dn\u00ed syst\u00e9m<\/strong><\/td>\n<td>V\u00fdkonn\u00fd dvouj\u00e1drov\u00fd procesor s frekvenc\u00ed 1GHz, RAM 512 MB, OS Linux 3.0.35<\/td>\n<\/tr>\n<tr>\n<td style=\"font-weight: bold; font-size: 12px; border-bottom: 1px solid #e2e2e2;\"><strong>Vnit\u0159n\u00ed pam\u011b\u0165<\/strong><\/td>\n<td>Intern\u00ed ulo\u017ei\u0161t\u011b 16 GB umo\u017en\u00ed sta\u017een\u00ed a\u017e tis\u00edc\u016f knih<\/td>\n<\/tr>\n<tr>\n<td style=\"font-weight: bold; font-size: 12px; border-bottom: 1px solid #e2e2e2;\">Kapacita baterie<\/td>\n<td>1500 mAH (lithium-polymerov\u00e1). Pro dobit\u00ed lze pou\u017e\u00edt p\u0159ilo\u017een\u00fd USB kabel.<\/td>\n<\/tr>\n<tr>\n<td style=\"font-weight: bold; font-size: 12px; border-bottom: 1px solid #e2e2e2;\">Funkce sp\u00e1nku<\/td>\n<td>\u010cte\u010dka m\u00e1 senzor krytu a p\u0159i zav\u0159en\u00ed se sama usp\u00ed.<\/td>\n<\/tr>\n<tr>\n<td style=\"font-weight: bold; font-size: 12px; border-bottom: 1px solid #e2e2e2;\">Online slu\u017eby<\/td>\n<td>ReadRate, Dropbox PocketBook a Send-to-PocketBook umo\u017e\u0148uj\u00ed snadn\u00e9 a rychl\u00e9 doru\u010dov\u00e1n\u00ed e-obsahu do za\u0159\u00edzen\u00ed<\/td>\n<\/tr>\n<tr>\n<td style=\"font-weight: bold; font-size: 12px; border-bottom: 1px solid #e2e2e2;\">Aplikace<\/td>\n<td>Knihkupectv\u00ed, Knihovna, Slovn\u00edk, Prohl\u00ed\u017ee\u010d, Audioknihy, Zvukov\u00fd p\u0159ehr\u00e1va\u010d, Galerie, Kalkula\u010dka, Zpr\u00e1vy RSS, Pozn\u00e1mky, \u0160achy, Klondike, Klikyh\u00e1ky, Sudoku<\/td>\n<\/tr>\n<tr>\n<td style=\"font-weight: bold; font-size: 12px; border-bottom: 1px solid #e2e2e2;\">Barva<\/td>\n<td>Pikantn\u00ed m\u011bd\u011bn\u00e1 nebo kovov\u011b \u0161ed\u00e1<\/td>\n<\/tr>\n<tr>\n<td style=\"font-weight: bold; font-size: 12px; border-bottom: 1px solid #e2e2e2;\">Hmotnost<\/td>\n<td>155g<\/td>\n<\/tr>\n<tr>\n<td style=\"font-weight: bold; font-size: 12px; border-bottom: 1px solid #e2e2e2;\">Obsah balen\u00ed<\/td>\n<td>\u010cte\u010dka e-knih, kabel microUSB, audio adapt\u00e9r microUSB, \u00favodn\u00ed p\u0159\u00edru\u010dka, z\u00e1ru\u010dn\u00ed list<\/td>\n<\/tr>\n<\/tbody>\n<\/table>\n<p><iframe loading=\"lazy\" title=\"Pocketbook Touch HD 3 Unboxing\" width=\"1140\" height=\"641\" src=\"https:\/\/www.youtube.com\/embed\/vvNWBnEy47M?feature=oembed\" frameborder=\"0\" allow=\"accelerometer; autoplay; clipboard-write; encrypted-media; gyroscope; picture-in-picture\" allowfullscreen><\/iframe><\/p>\n","protected":false},"excerpt":{"rendered":"<p>PocketBook Touch HD 3 Display Uhlop\u0159\u00ed\u010dka displeje je 6 palc\u016f. \u010cte\u010dka m\u00e1 E Ink Carta displej, kter\u00fd zaru\u010duje ostrost str\u00e1nky&hellip;<\/p>\n","protected":false},"featured_media":4734,"comment_status":"open","ping_status":"closed","template":"","meta":{"om_disable_all_campaigns":false,"_monsterinsights_skip_tracking":false,"_monsterinsights_sitenote_active":false,"_monsterinsights_sitenote_note":"","_monsterinsights_sitenote_category":0},"product_brand":[],"product_cat":[118,60],"product_tag":[],"class_list":{"0":"post-4723","1":"product","2":"type-product","3":"status-publish","4":"has-post-thumbnail","6":"product_cat-ctecky-elektronickych-knih","7":"product_cat-vsechno","8":"product_shipping_class-neskladne","10":"first","11":"outofstock","12":"sale","13":"shipping-taxable","14":"purchasable","15":"product-type-variable"},"jetpack_sharing_enabled":true,"_links":{"self":[{"href":"https:\/\/alabanda.cz\/index.php\/wp-json\/wp\/v2\/product\/4723","targetHints":{"allow":["GET"]}}],"collection":[{"href":"https:\/\/alabanda.cz\/index.php\/wp-json\/wp\/v2\/product"}],"about":[{"href":"https:\/\/alabanda.cz\/index.php\/wp-json\/wp\/v2\/types\/product"}],"replies":[{"embeddable":true,"href":"https:\/\/alabanda.cz\/index.php\/wp-json\/wp\/v2\/comments?post=4723"}],"wp:featuredmedia":[{"embeddable":true,"href":"https:\/\/alabanda.cz\/index.php\/wp-json\/wp\/v2\/media\/4734"}],"wp:attachment":[{"href":"https:\/\/alabanda.cz\/index.php\/wp-json\/wp\/v2\/media?parent=4723"}],"wp:term":[{"taxonomy":"product_brand","embeddable":true,"href":"https:\/\/alabanda.cz\/index.php\/wp-json\/wp\/v2\/product_brand?post=4723"},{"taxonomy":"product_cat","embeddable":true,"href":"https:\/\/alabanda.cz\/index.php\/wp-json\/wp\/v2\/product_cat?post=4723"},{"taxonomy":"product_tag","embeddable":true,"href":"https:\/\/alabanda.cz\/index.php\/wp-json\/wp\/v2\/product_tag?post=4723"}],"curies":[{"name":"wp","href":"https:\/\/api.w.org\/{rel}","templated":true}]}}