{"id":4785,"date":"2021-03-03T16:43:05","date_gmt":"2021-03-03T15:43:05","guid":{"rendered":"http:\/\/alabanda.cz\/?post_type=product&#038;p=4785"},"modified":"2022-12-20T22:18:03","modified_gmt":"2022-12-20T21:18:03","slug":"alabanda-m53-silikonovy-kryt-pro-samsung-galaxy-a20e","status":"publish","type":"product","link":"https:\/\/alabanda.cz\/index.php\/produkt\/alabanda-m53-silikonovy-kryt-pro-samsung-galaxy-a20e\/","title":{"rendered":"Alabanda M53 silikonov\u00fd kryt pro Samsung Galaxy A20E"},"content":{"rendered":"<p><strong>Pouzdro Alabanda M52<\/strong><\/p>\n<p>Silikonov\u00e9 pouzdro Alabanda M52 chr\u00e1n\u00ed zadn\u00ed \u010d\u00e1st mobiln\u00edho telefonu Samsung Galaxy A20E. Minim\u00e1ln\u00ed rozm\u011bry pouzdra zaji\u0161\u0165uj\u00ed, \u017ee v\u00e1\u0161 mobil Samsung Galaxy A20E zbyte\u010dn\u011b nenabude na objemu.<\/p>\n<p><strong>Instalace<\/strong><\/p>\n<p><span style=\"font-size: 16px;\">Mobiln\u00ed za\u0159\u00edzen\u00ed Samsung Galaxy A20E se snadno nacvakne do pouzdra Alabanda M52. Pouzdro m\u00e1 pot\u0159ebn\u00e9 v\u00fd\u0159ezy na nab\u00edje\u010dku, sluch\u00e1tka a dal\u0161\u00ed v\u00fdstupy a vstupy telefonu.<\/span><\/p>\n","protected":false},"excerpt":{"rendered":"<p>Pouzdro Alabanda M52 Silikonov\u00e9 pouzdro Alabanda M52 chr\u00e1n\u00ed zadn\u00ed \u010d\u00e1st mobiln\u00edho telefonu Samsung Galaxy A20E. Minim\u00e1ln\u00ed rozm\u011bry pouzdra zaji\u0161\u0165uj\u00ed, \u017ee&hellip;<\/p>\n","protected":false},"featured_media":4803,"comment_status":"open","ping_status":"closed","template":"","meta":{"om_disable_all_campaigns":false,"_monsterinsights_skip_tracking":false,"_monsterinsights_sitenote_active":false,"_monsterinsights_sitenote_note":"","_monsterinsights_sitenote_category":0},"product_brand":[],"product_cat":[91,60],"product_tag":[],"class_list":{"0":"post-4785","1":"product","2":"type-product","3":"status-publish","4":"has-post-thumbnail","6":"product_cat-pouzdra-na-mobilni-telefony","7":"product_cat-vsechno","9":"first","10":"outofstock","11":"sale","12":"shipping-taxable","13":"purchasable","14":"product-type-variable"},"jetpack_sharing_enabled":true,"_links":{"self":[{"href":"https:\/\/alabanda.cz\/index.php\/wp-json\/wp\/v2\/product\/4785","targetHints":{"allow":["GET"]}}],"collection":[{"href":"https:\/\/alabanda.cz\/index.php\/wp-json\/wp\/v2\/product"}],"about":[{"href":"https:\/\/alabanda.cz\/index.php\/wp-json\/wp\/v2\/types\/product"}],"replies":[{"embeddable":true,"href":"https:\/\/alabanda.cz\/index.php\/wp-json\/wp\/v2\/comments?post=4785"}],"wp:featuredmedia":[{"embeddable":true,"href":"https:\/\/alabanda.cz\/index.php\/wp-json\/wp\/v2\/media\/4803"}],"wp:attachment":[{"href":"https:\/\/alabanda.cz\/index.php\/wp-json\/wp\/v2\/media?parent=4785"}],"wp:term":[{"taxonomy":"product_brand","embeddable":true,"href":"https:\/\/alabanda.cz\/index.php\/wp-json\/wp\/v2\/product_brand?post=4785"},{"taxonomy":"product_cat","embeddable":true,"href":"https:\/\/alabanda.cz\/index.php\/wp-json\/wp\/v2\/product_cat?post=4785"},{"taxonomy":"product_tag","embeddable":true,"href":"https:\/\/alabanda.cz\/index.php\/wp-json\/wp\/v2\/product_tag?post=4785"}],"curies":[{"name":"wp","href":"https:\/\/api.w.org\/{rel}","templated":true}]}}