{"id":4897,"date":"2021-03-18T11:10:39","date_gmt":"2021-03-18T10:10:39","guid":{"rendered":"http:\/\/alabanda.cz\/?post_type=product&#038;p=4897"},"modified":"2022-06-04T09:46:15","modified_gmt":"2022-06-04T07:46:15","slug":"amazon-echo-dot-4-generace-kopirovat","status":"publish","type":"product","link":"https:\/\/alabanda.cz\/index.php\/produkt\/amazon-echo-dot-4-generace-kopirovat\/","title":{"rendered":"Amazon Echo Dot (4. generace)"},"content":{"rendered":"<h1>Amazon Echo Dot 4. generace<\/h1>\n<p>Chytr\u00fd reproduktor s hlasov\u00fdm ovl\u00e1d\u00e1n\u00edm a virtu\u00e1ln\u00ed asistentkou Alexa.<\/p>\n","protected":false},"excerpt":{"rendered":"<p>Amazon Echo Dot 4. generace Chytr\u00fd reproduktor s hlasov\u00fdm ovl\u00e1d\u00e1n\u00edm a virtu\u00e1ln\u00ed asistentkou Alexa.<\/p>\n","protected":false},"featured_media":4905,"comment_status":"open","ping_status":"closed","template":"","meta":{"om_disable_all_campaigns":false,"_monsterinsights_skip_tracking":false,"_monsterinsights_sitenote_active":false,"_monsterinsights_sitenote_note":"","_monsterinsights_sitenote_category":0},"product_brand":[],"product_cat":[151,60],"product_tag":[],"class_list":{"0":"post-4897","1":"product","2":"type-product","3":"status-publish","4":"has-post-thumbnail","6":"product_cat-hlasovi-asistenti","7":"product_cat-vsechno","8":"product_shipping_class-neskladne","10":"first","11":"outofstock","12":"sale","13":"shipping-taxable","14":"purchasable","15":"product-type-variable","16":"has-default-attributes"},"jetpack_sharing_enabled":true,"_links":{"self":[{"href":"https:\/\/alabanda.cz\/index.php\/wp-json\/wp\/v2\/product\/4897","targetHints":{"allow":["GET"]}}],"collection":[{"href":"https:\/\/alabanda.cz\/index.php\/wp-json\/wp\/v2\/product"}],"about":[{"href":"https:\/\/alabanda.cz\/index.php\/wp-json\/wp\/v2\/types\/product"}],"replies":[{"embeddable":true,"href":"https:\/\/alabanda.cz\/index.php\/wp-json\/wp\/v2\/comments?post=4897"}],"wp:featuredmedia":[{"embeddable":true,"href":"https:\/\/alabanda.cz\/index.php\/wp-json\/wp\/v2\/media\/4905"}],"wp:attachment":[{"href":"https:\/\/alabanda.cz\/index.php\/wp-json\/wp\/v2\/media?parent=4897"}],"wp:term":[{"taxonomy":"product_brand","embeddable":true,"href":"https:\/\/alabanda.cz\/index.php\/wp-json\/wp\/v2\/product_brand?post=4897"},{"taxonomy":"product_cat","embeddable":true,"href":"https:\/\/alabanda.cz\/index.php\/wp-json\/wp\/v2\/product_cat?post=4897"},{"taxonomy":"product_tag","embeddable":true,"href":"https:\/\/alabanda.cz\/index.php\/wp-json\/wp\/v2\/product_tag?post=4897"}],"curies":[{"name":"wp","href":"https:\/\/api.w.org\/{rel}","templated":true}]}}