{"id":4921,"date":"2021-03-18T12:02:48","date_gmt":"2021-03-18T11:02:48","guid":{"rendered":"http:\/\/alabanda.cz\/?post_type=product&#038;p=4921"},"modified":"2026-04-05T12:41:37","modified_gmt":"2026-04-05T10:41:37","slug":"b-safe-lock-pouzdro-pro-pocketbook-740-inkpad-3","status":"publish","type":"product","link":"https:\/\/alabanda.cz\/index.php\/produkt\/b-safe-lock-pouzdro-pro-pocketbook-740-inkpad-3\/","title":{"rendered":"B-SAFE Lock"},"content":{"rendered":"<p style=\"text-align: left;\"><strong>Pouzdro B-SAFE LOCK<\/strong><\/p>\n<p>Pouzdro B-SAFE LOCK je obal obl\u00edben\u00e9 nacvak\u00e1vac\u00ed konstrukce, kter\u00e1 umo\u017e\u0148uje, aby pouzdro \u010dte\u010dku dob\u0159e chr\u00e1nilo a p\u0159itom bylo skoro neviditeln\u00e9. Minim\u00e1ln\u00ed rozm\u011bry pouzdra zaji\u0161\u0165uj\u00ed, \u017ee va\u0161e \u010dte\u010dka PocketBook zbyte\u010dn\u011b nenabude na objemu.<\/p>\n<p><strong>Materi\u00e1l a konstrukce<\/strong><\/p>\n<p>Pouzdro je vyrobeno kombinac\u00ed tvrzen\u00e9ho ABS plastu a EKO k\u016f\u017ee, tato pouzdra b\u00fdvaj\u00ed \u010dasto ozna\u010dena jako Durable nebo Hardcover. Vzhledem ke konstrukci je vhodn\u00e9 pro \u010dte\u010dky <strong>InkPad 3<\/strong> a <strong>InkPad 3 Pro<\/strong>.<\/p>\n<p>Vnit\u0159ek je ze semi\u0161e \u0161ed\u00e9 barvy, kter\u00fd je \u0161etrn\u00fd k displeji.<\/p>\n<p><strong>Magnetick\u00fd z\u00e1mek a funkce Wakeup\/Sleep<\/strong><\/p>\n<p>Pouzdro je vybaveno magnetick\u00fdm z\u00e1mkem &#8211; p\u0159i sklopen\u00ed (zav\u0159en\u00ed) desek pouzdra, se magnet v lev\u00e9 desce p\u0159ichyt\u00ed na \u010dte\u010dku, pouzdro tak dr\u017e\u00ed zav\u0159en\u00e9 a nehroz\u00ed necht\u011bn\u00e9 otev\u0159en\u00ed pouzdra.<\/p>\n<p>P\u0159edn\u00ed desku je samoz\u0159ejm\u011b mo\u017en\u00e9 odklopit k z\u00e1d\u016fm \u010dte\u010dky a dr\u017eet tak pohodln\u011b \u010dte\u010dku s pouzdrem v jedn\u00e9 ruce.<\/p>\n<p>Pouzdro podporuje funkci Wakeup\/Sleep tedy automatick\u00e9 usp\u00e1n\u00ed a probuzen\u00ed \u010dte\u010dky po zav\u0159en\u00ed, respektive otev\u0159en\u00ed pouzdra.<\/p>\n","protected":false},"excerpt":{"rendered":"<p>Pouzdro B-SAFE LOCK Pouzdro B-SAFE LOCK je obal obl\u00edben\u00e9 nacvak\u00e1vac\u00ed konstrukce, kter\u00e1 umo\u017e\u0148uje, aby pouzdro \u010dte\u010dku dob\u0159e chr\u00e1nilo a p\u0159itom&hellip;<\/p>\n","protected":false},"featured_media":4933,"comment_status":"open","ping_status":"closed","template":"","meta":{"om_disable_all_campaigns":false,"_monsterinsights_skip_tracking":false,"_monsterinsights_sitenote_active":false,"_monsterinsights_sitenote_note":"","_monsterinsights_sitenote_category":0},"product_brand":[],"product_cat":[83,60],"product_tag":[],"class_list":{"0":"post-4921","1":"product","2":"type-product","3":"status-publish","4":"has-post-thumbnail","6":"product_cat-pouzdra-pro-tablet-pc-a-ctecky-eknih","7":"product_cat-vsechno","9":"first","10":"outofstock","11":"shipping-taxable","12":"purchasable","13":"product-type-variable"},"jetpack_sharing_enabled":true,"_links":{"self":[{"href":"https:\/\/alabanda.cz\/index.php\/wp-json\/wp\/v2\/product\/4921","targetHints":{"allow":["GET"]}}],"collection":[{"href":"https:\/\/alabanda.cz\/index.php\/wp-json\/wp\/v2\/product"}],"about":[{"href":"https:\/\/alabanda.cz\/index.php\/wp-json\/wp\/v2\/types\/product"}],"replies":[{"embeddable":true,"href":"https:\/\/alabanda.cz\/index.php\/wp-json\/wp\/v2\/comments?post=4921"}],"wp:featuredmedia":[{"embeddable":true,"href":"https:\/\/alabanda.cz\/index.php\/wp-json\/wp\/v2\/media\/4933"}],"wp:attachment":[{"href":"https:\/\/alabanda.cz\/index.php\/wp-json\/wp\/v2\/media?parent=4921"}],"wp:term":[{"taxonomy":"product_brand","embeddable":true,"href":"https:\/\/alabanda.cz\/index.php\/wp-json\/wp\/v2\/product_brand?post=4921"},{"taxonomy":"product_cat","embeddable":true,"href":"https:\/\/alabanda.cz\/index.php\/wp-json\/wp\/v2\/product_cat?post=4921"},{"taxonomy":"product_tag","embeddable":true,"href":"https:\/\/alabanda.cz\/index.php\/wp-json\/wp\/v2\/product_tag?post=4921"}],"curies":[{"name":"wp","href":"https:\/\/api.w.org\/{rel}","templated":true}]}}