{"id":5442,"date":"2021-10-11T00:29:31","date_gmt":"2021-10-10T22:29:31","guid":{"rendered":"http:\/\/alabanda.cz\/?post_type=product&#038;p=5442"},"modified":"2024-08-13T10:14:55","modified_gmt":"2024-08-13T08:14:55","slug":"alabanda-e36-sluchatka","status":"publish","type":"product","link":"https:\/\/alabanda.cz\/index.php\/produkt\/alabanda-e36-sluchatka\/","title":{"rendered":"Alabanda E36 Sluch\u00e1tka"},"content":{"rendered":"<ul>\n<li>Tla\u010d\u00edtko pro ovl\u00e1d\u00e1n\u00ed p\u0159ehr\u00e1va\u010de, vytv\u00e1\u0159en\u00ed, p\u0159ij\u00edm\u00e1n\u00ed hovor\u016f a dal\u0161\u00ed funkce<\/li>\n<\/ul>\n","protected":false},"excerpt":{"rendered":"<p>Tla\u010d\u00edtko pro ovl\u00e1d\u00e1n\u00ed p\u0159ehr\u00e1va\u010de, vytv\u00e1\u0159en\u00ed, p\u0159ij\u00edm\u00e1n\u00ed hovor\u016f a dal\u0161\u00ed funkce<\/p>\n","protected":false},"featured_media":5448,"comment_status":"open","ping_status":"closed","template":"","meta":{"om_disable_all_campaigns":false,"_monsterinsights_skip_tracking":false,"_monsterinsights_sitenote_active":false,"_monsterinsights_sitenote_note":"","_monsterinsights_sitenote_category":0},"product_brand":[],"product_cat":[135,60],"product_tag":[],"class_list":{"0":"post-5442","1":"product","2":"type-product","3":"status-publish","4":"has-post-thumbnail","6":"product_cat-sluchatka","7":"product_cat-vsechno","9":"first","10":"instock","11":"sale","12":"shipping-taxable","13":"purchasable","14":"product-type-variable"},"jetpack_sharing_enabled":true,"_links":{"self":[{"href":"https:\/\/alabanda.cz\/index.php\/wp-json\/wp\/v2\/product\/5442","targetHints":{"allow":["GET"]}}],"collection":[{"href":"https:\/\/alabanda.cz\/index.php\/wp-json\/wp\/v2\/product"}],"about":[{"href":"https:\/\/alabanda.cz\/index.php\/wp-json\/wp\/v2\/types\/product"}],"replies":[{"embeddable":true,"href":"https:\/\/alabanda.cz\/index.php\/wp-json\/wp\/v2\/comments?post=5442"}],"wp:featuredmedia":[{"embeddable":true,"href":"https:\/\/alabanda.cz\/index.php\/wp-json\/wp\/v2\/media\/5448"}],"wp:attachment":[{"href":"https:\/\/alabanda.cz\/index.php\/wp-json\/wp\/v2\/media?parent=5442"}],"wp:term":[{"taxonomy":"product_brand","embeddable":true,"href":"https:\/\/alabanda.cz\/index.php\/wp-json\/wp\/v2\/product_brand?post=5442"},{"taxonomy":"product_cat","embeddable":true,"href":"https:\/\/alabanda.cz\/index.php\/wp-json\/wp\/v2\/product_cat?post=5442"},{"taxonomy":"product_tag","embeddable":true,"href":"https:\/\/alabanda.cz\/index.php\/wp-json\/wp\/v2\/product_tag?post=5442"}],"curies":[{"name":"wp","href":"https:\/\/api.w.org\/{rel}","templated":true}]}}