{"id":5509,"date":"2021-11-01T14:49:27","date_gmt":"2021-11-01T13:49:27","guid":{"rendered":"http:\/\/alabanda.cz\/?post_type=product&#038;p=5509"},"modified":"2024-04-22T12:21:02","modified_gmt":"2024-04-22T10:21:02","slug":"amazon-kindle-paperwhite-5-2021","status":"publish","type":"product","link":"https:\/\/alabanda.cz\/index.php\/produkt\/amazon-kindle-paperwhite-5-2021\/","title":{"rendered":"Amazon Kindle Paperwhite 5 2021"},"content":{"rendered":"<h1 style=\"color: black; font-weight: bold;\">Amazon Kindle Paperwhite 5 2021<\/h1>\n<p>&nbsp;<\/p>\n<table>\n<tbody>\n<tr>\n<td style=\"font-weight: bold; font-size: 12px; border-bottom: 1px solid #e2e2e2;\">Display<\/td>\n<td>Uhlop\u0159\u00ed\u010dka displeje je 6,8 palc\u016f (17,2 cm). \u010cte\u010dka m\u00e1 Paperwhite displej a 300 ppi(points per inch) s integrovan\u00fdm podsv\u00edcen\u00edm.<\/td>\n<\/tr>\n<tr>\n<td style=\"font-weight: bold; font-size: 12px; border-bottom: 1px solid #e2e2e2;\">Rozm\u011bry<\/td>\n<td>174,2 mm x 124,6 mm x 8,1 mm<\/td>\n<\/tr>\n<tr>\n<td style=\"font-weight: bold; font-size: 12px; border-bottom: 1px solid #e2e2e2;\">Hmotnost<\/td>\n<td>205g (208g u verze Signature)<\/td>\n<\/tr>\n<tr>\n<td style=\"font-weight: bold; font-size: 12px; border-bottom: 1px solid #e2e2e2;\">Syst\u00e9mov\u00e9 po\u017eadavky<\/td>\n<td>Ke stahov\u00e1n\u00ed knih nen\u00ed zapot\u0159eb\u00ed po\u010d\u00edta\u010d &#8211; \u010dte\u010dka funguje bezdr\u00e1tov\u011b(Wi-Fi).<\/td>\n<\/tr>\n<tr>\n<td style=\"font-weight: bold; font-size: 12px; border-bottom: 1px solid #e2e2e2;\">Pam\u011b\u0165<\/td>\n<td>8, 16 nebo 32 GB u verze Signature. \u010cte\u010dka dok\u00e1\u017ee uchovat tis\u00edce knih.<\/td>\n<\/tr>\n<tr>\n<td style=\"font-weight: bold; font-size: 12px; border-bottom: 1px solid #e2e2e2;\">Cloud Storage<\/td>\n<td>Cloud Storage u Amazonu zdarma.<\/td>\n<\/tr>\n<tr>\n<td style=\"font-weight: bold; font-size: 12px; border-bottom: 1px solid #e2e2e2;\">V\u00fddr\u017e baterie<\/td>\n<td>Baterie vydr\u017e\u00ed a\u017e 10 t\u00fddn\u016f za p\u0159edpokladu, \u017ee budete \u010d\u00edst p\u016fl hodiny denn\u011b.<\/td>\n<\/tr>\n<tr>\n<td style=\"font-weight: bold; font-size: 12px; border-bottom: 1px solid #e2e2e2;\">Doba nabit\u00ed<\/td>\n<td>Lze pou\u017e\u00edt p\u0159ilo\u017een\u00fd USB 2.0 kabel. \u010cte\u010dka se z po\u010d\u00edta\u010de dobije za 5 hodin nebo za 2,5 hodiny z 9W USB nab\u00edje\u010dky. U verze Signature p\u0159i nab\u00edjen\u00ed s kompatibiln\u00ed 10W Qi bezdr\u00e1tovou nab\u00edje\u010dkou se dobije za 3,5 hodiny.<\/td>\n<\/tr>\n<tr>\n<td style=\"font-weight: bold; font-size: 12px; border-bottom: 1px solid #e2e2e2;\">Bezdr\u00e1tovost<\/td>\n<td>\u010cte\u010dka podporuje 2,4 GHz a 5,0 GHz s\u00edt\u011b s podporou pro WEP, WPA, WPA2 a WPS(Wi-Fi Protected Setup).<\/td>\n<\/tr>\n<tr>\n<td style=\"font-weight: bold; font-size: 12px; border-bottom: 1px solid #e2e2e2;\">USB port<\/td>\n<td>USB-C<\/td>\n<\/tr>\n<tr>\n<td style=\"font-weight: bold; font-size: 12px; border-bottom: 1px solid #e2e2e2;\">Podporovan\u00e9 form\u00e1ty<\/td>\n<td>Kindle (AZW3 a AZW), TXT, PDF, nechr\u00e1n\u011bn\u00e9 MOBI, PRC nativ; HTML, DOC, DOCX, JPEG, GIF, PNG, PMP skrze konverzi a audio form\u00e1t AAX.<\/td>\n<\/tr>\n<tr>\n<td style=\"font-weight: bold; font-size: 12px; border-bottom: 1px solid #e2e2e2;\">Dokumentace<\/td>\n<td>Quick Start Guide (sou\u010d\u00e1st\u00ed dod\u00e1vky), Kindle Paperwhite U\u017eivatelsk\u00e1 p\u0159\u00edru\u010dka. V\u00edce informac\u00ed je k dispozici on-line. Podporovan\u00e9 jazyky ovl\u00e1d\u00e1n\u00ed nab\u00edzen\u00e9 na \u010desk\u00e9m trhu jsou Angli\u010dtina, N\u011bm\u010dina, \u0160pan\u011bl\u0161tina, Francouz\u0161tina, Ital\u0161tina, \u010c\u00edn\u0161tina, Holand\u0161tina, Portugal\u0161tina a Ru\u0161tina. Knihy je samoz\u0159ejm\u011b mo\u017en\u00e9 \u010d\u00edst i v \u010de\u0161tin\u011b.<\/td>\n<\/tr>\n<tr>\n<td style=\"font-weight: bold; font-size: 12px; border-bottom: 1px solid #e2e2e2;\">Amazon<\/td>\n<td>Po prvn\u00edm zapnut\u00ed \u010dte\u010dky je nutn\u00e9 si vybrat ke kter\u00e9mu \u00fa\u010dtu na Amazonu si svou \u010dte\u010dku p\u0159ihl\u00e1s\u00edte. Amazon poskytuje i technickou podporu.<\/td>\n<\/tr>\n<tr>\n<td style=\"font-weight: bold; font-size: 12px; border-bottom: 1px solid #e2e2e2;\">Vod\u011bodolnost<\/td>\n<td>Vod\u011bodolnost (IPX8), odol\u00e1 pono\u0159en\u00ed ve sladk\u00e9 vod\u011b a\u017e 60 minut v hloubce 2 metr\u016f.<\/td>\n<\/tr>\n<tr>\n<td style=\"font-weight: bold; font-size: 12px; border-bottom: 1px solid #e2e2e2;\">Obsah balen\u00ed<\/td>\n<td>\u010cte\u010dka Amazon Kindle Paperwhite 5 2021, USB-C nab\u00edjec\u00ed kabel a Quick Start Guide.<\/td>\n<\/tr>\n<\/tbody>\n<\/table>\n","protected":false},"excerpt":{"rendered":"<p><strong>Amazon Kindle Paperwhite<\/strong> s pam\u011bt\u00ed je dod\u00e1v\u00e1n v n\u011bkolika r\u016fzn\u00fdch verz\u00edch.<\/p>\n<p>Na v\u00fdb\u011br je verze sponzorovan\u00e1 nebo verze bez reklam. U sponzorovan\u00e9 verze se na spo\u0159i\u010di obrazovky zobrazuj\u00ed reklamy (nezobrazuj\u00ed se p\u0159i \u010dten\u00ed). Zvolit m\u016f\u017eete t\u00e9\u017e velikost pam\u011bti mezi 16ti a 32GB. Na v\u00fdb\u011br je d\u00e1le z n\u011bkolika barev za\u0159\u00edzen\u00ed (modr\u00e1, \u010dern\u00e1 a ag\u00e1vov\u011b zelen\u00e1). K za\u0159\u00edzen\u00ed V\u00e1m doporu\u010dujeme koupit i pouzdro, kter\u00e9 je k dispozici v n\u011bkolika barv\u00e1ch <a title=\"zde\" href=\"https:\/\/alabanda.cz\/index.php\/produkt\/alabanda-r39-pouzdro-pro-amazon-kindle-paperwhite-5-2021\/\">zde<\/a><\/p>\n<p>D\u00e1le je mo\u017en\u00e9 zakoupit zaj\u00edmavou verzi <strong>Amazon Kindle Paperwhite Kids<\/strong>. Jde o zv\u00fdhodn\u011bnou \u010dte\u010dku, ur\u010denou prim\u00e1rn\u011b pro d\u011bti ale je vhodn\u00e1 i pro dosp\u011bl\u00e9. Tato \u010dte\u010dka, je bez reklam a je dod\u00e1v\u00e1na rovnou s pouzdrem (pouzdro je s obr\u00e1zkem, pokud d\u00e1v\u00e1te p\u0159ednost jednobarevncmu pouzdru, m\u016f\u017eete si vybrat z nab\u00eddky pouzder pro Amazon Kindle Paperwhite <a title=\"zde\" href=\"https:\/\/alabanda.cz\/index.php\/produkt\/alabanda-r39-pouzdro-pro-amazon-kindle-paperwhite-5-2021\/\">zde<\/a>). Kindle Kids d\u00e1le zahrnuje ro\u010dn\u00ed p\u0159edplatn\u00e9 programu Kindle Kids Plus. Pokud nechcete, aby do\u0161lo k automatick\u00e9mu prodlou\u017een\u00ed a zpoplatn\u011bn\u00ed \u010dlenstv\u00ed, je t\u0159eba se odhl\u00e1sit p\u0159ed vypr\u0161en\u00edm ro\u010dn\u00edho \u010dlenstv\u00ed.<\/p>\n<p>Tento Kindle pou\u017e\u00edv\u00e1 30-75% recyklovan\u00fdch plast\u016f a 90% recyklovan\u00e9ho ho\u0159\u010d\u00edku a m\u00e1 100% recyklovateln\u00e9 obaly za\u0159\u00edzen\u00ed.<\/p>\n<p>&nbsp;<\/p>\n","protected":false},"featured_media":5522,"comment_status":"open","ping_status":"closed","template":"","meta":{"om_disable_all_campaigns":false,"_monsterinsights_skip_tracking":false,"_monsterinsights_sitenote_active":false,"_monsterinsights_sitenote_note":"","_monsterinsights_sitenote_category":0},"product_brand":[],"product_cat":[118,60],"product_tag":[],"class_list":{"0":"post-5509","1":"product","2":"type-product","3":"status-publish","4":"has-post-thumbnail","6":"product_cat-ctecky-elektronickych-knih","7":"product_cat-vsechno","8":"product_shipping_class-neskladne","10":"first","11":"instock","12":"sale","13":"shipping-taxable","14":"purchasable","15":"product-type-variable","16":"has-default-attributes"},"jetpack_sharing_enabled":true,"_links":{"self":[{"href":"https:\/\/alabanda.cz\/index.php\/wp-json\/wp\/v2\/product\/5509","targetHints":{"allow":["GET"]}}],"collection":[{"href":"https:\/\/alabanda.cz\/index.php\/wp-json\/wp\/v2\/product"}],"about":[{"href":"https:\/\/alabanda.cz\/index.php\/wp-json\/wp\/v2\/types\/product"}],"replies":[{"embeddable":true,"href":"https:\/\/alabanda.cz\/index.php\/wp-json\/wp\/v2\/comments?post=5509"}],"wp:featuredmedia":[{"embeddable":true,"href":"https:\/\/alabanda.cz\/index.php\/wp-json\/wp\/v2\/media\/5522"}],"wp:attachment":[{"href":"https:\/\/alabanda.cz\/index.php\/wp-json\/wp\/v2\/media?parent=5509"}],"wp:term":[{"taxonomy":"product_brand","embeddable":true,"href":"https:\/\/alabanda.cz\/index.php\/wp-json\/wp\/v2\/product_brand?post=5509"},{"taxonomy":"product_cat","embeddable":true,"href":"https:\/\/alabanda.cz\/index.php\/wp-json\/wp\/v2\/product_cat?post=5509"},{"taxonomy":"product_tag","embeddable":true,"href":"https:\/\/alabanda.cz\/index.php\/wp-json\/wp\/v2\/product_tag?post=5509"}],"curies":[{"name":"wp","href":"https:\/\/api.w.org\/{rel}","templated":true}]}}