{"id":5572,"date":"2021-11-11T17:28:49","date_gmt":"2021-11-11T16:28:49","guid":{"rendered":"http:\/\/alabanda.cz\/?post_type=product&#038;p=5572"},"modified":"2021-11-11T17:36:36","modified_gmt":"2021-11-11T16:36:36","slug":"amazon-echo-show-8-2021-2-gen","status":"publish","type":"product","link":"https:\/\/alabanda.cz\/index.php\/produkt\/amazon-echo-show-8-2021-2-gen\/","title":{"rendered":"Amazon Echo Show 8 (2021, 2. Gen)"},"content":{"rendered":"<h1>Amazon Echo Show 8 (2021, 2. Gen)<\/h1>\n<p>Chytr\u00e9 audivizi\u00e1ln\u00ed za\u0159\u00edzen\u00ed s hlasov\u00fdm ovl\u00e1d\u00e1n\u00edm a virtu\u00e1ln\u00ed asistentkou Alexa.<\/p>\n","protected":false},"excerpt":{"rendered":"<p>Amazon Echo Show 8 (2021, 2. Gen) Chytr\u00e9 audivizi\u00e1ln\u00ed za\u0159\u00edzen\u00ed s hlasov\u00fdm ovl\u00e1d\u00e1n\u00edm a virtu\u00e1ln\u00ed asistentkou Alexa.<\/p>\n","protected":false},"featured_media":5583,"comment_status":"open","ping_status":"closed","template":"","meta":{"om_disable_all_campaigns":false,"_monsterinsights_skip_tracking":false,"_monsterinsights_sitenote_active":false,"_monsterinsights_sitenote_note":"","_monsterinsights_sitenote_category":0},"product_brand":[],"product_cat":[151,60],"product_tag":[],"class_list":{"0":"post-5572","1":"product","2":"type-product","3":"status-publish","4":"has-post-thumbnail","6":"product_cat-hlasovi-asistenti","7":"product_cat-vsechno","8":"product_shipping_class-neskladne","10":"first","11":"onbackorder","12":"sale","13":"shipping-taxable","14":"purchasable","15":"product-type-variable","16":"has-default-attributes"},"jetpack_sharing_enabled":true,"_links":{"self":[{"href":"https:\/\/alabanda.cz\/index.php\/wp-json\/wp\/v2\/product\/5572","targetHints":{"allow":["GET"]}}],"collection":[{"href":"https:\/\/alabanda.cz\/index.php\/wp-json\/wp\/v2\/product"}],"about":[{"href":"https:\/\/alabanda.cz\/index.php\/wp-json\/wp\/v2\/types\/product"}],"replies":[{"embeddable":true,"href":"https:\/\/alabanda.cz\/index.php\/wp-json\/wp\/v2\/comments?post=5572"}],"wp:featuredmedia":[{"embeddable":true,"href":"https:\/\/alabanda.cz\/index.php\/wp-json\/wp\/v2\/media\/5583"}],"wp:attachment":[{"href":"https:\/\/alabanda.cz\/index.php\/wp-json\/wp\/v2\/media?parent=5572"}],"wp:term":[{"taxonomy":"product_brand","embeddable":true,"href":"https:\/\/alabanda.cz\/index.php\/wp-json\/wp\/v2\/product_brand?post=5572"},{"taxonomy":"product_cat","embeddable":true,"href":"https:\/\/alabanda.cz\/index.php\/wp-json\/wp\/v2\/product_cat?post=5572"},{"taxonomy":"product_tag","embeddable":true,"href":"https:\/\/alabanda.cz\/index.php\/wp-json\/wp\/v2\/product_tag?post=5572"}],"curies":[{"name":"wp","href":"https:\/\/api.w.org\/{rel}","templated":true}]}}