{"id":5806,"date":"2022-01-19T13:34:22","date_gmt":"2022-01-19T12:34:22","guid":{"rendered":"http:\/\/alabanda.cz\/?post_type=product&#038;p=5806"},"modified":"2025-09-04T09:27:12","modified_gmt":"2025-09-04T07:27:12","slug":"hue-bluetooth-led-white-zarovka-philips-8719514288232-e27-a60-95w-1055lm-2700k-stmivatelna","status":"publish","type":"product","link":"https:\/\/alabanda.cz\/index.php\/produkt\/hue-bluetooth-led-white-zarovka-philips-8719514288232-e27-a60-95w-1055lm-2700k-stmivatelna\/","title":{"rendered":"Hue Bluetooth LED White \u017e\u00e1rovka Philips 8719514288232 E27 A60 9,5W 1055lm 2700K stm\u00edvateln\u00e1"},"content":{"rendered":"<h1>Hue Bluetooth LED White \u017e\u00e1rovka Philips 8720169202528 E27 A60 9 W 806lm 2700K stm\u00edvateln\u00e1<\/h1>\n<p>Ovladateln\u00e9 p\u0159es Bluetooth pomoc\u00ed Amazon Alexa nebo Ok Google.<\/p>\n","protected":false},"excerpt":{"rendered":"<p>Hue Bluetooth LED White \u017e\u00e1rovka Philips 8720169202528 E27 A60 9 W 806lm 2700K stm\u00edvateln\u00e1 Ovladateln\u00e9 p\u0159es Bluetooth pomoc\u00ed Amazon Alexa&hellip;<\/p>\n","protected":false},"featured_media":5807,"comment_status":"open","ping_status":"closed","template":"","meta":{"om_disable_all_campaigns":false,"_monsterinsights_skip_tracking":false,"_monsterinsights_sitenote_active":false,"_monsterinsights_sitenote_note":"","_monsterinsights_sitenote_category":0},"product_brand":[],"product_cat":[151,60],"product_tag":[],"class_list":{"0":"post-5806","1":"product","2":"type-product","3":"status-publish","4":"has-post-thumbnail","6":"product_cat-hlasovi-asistenti","7":"product_cat-vsechno","8":"product_shipping_class-neskladne","10":"first","11":"instock","12":"shipping-taxable","13":"purchasable","14":"product-type-simple"},"jetpack_sharing_enabled":true,"_links":{"self":[{"href":"https:\/\/alabanda.cz\/index.php\/wp-json\/wp\/v2\/product\/5806","targetHints":{"allow":["GET"]}}],"collection":[{"href":"https:\/\/alabanda.cz\/index.php\/wp-json\/wp\/v2\/product"}],"about":[{"href":"https:\/\/alabanda.cz\/index.php\/wp-json\/wp\/v2\/types\/product"}],"replies":[{"embeddable":true,"href":"https:\/\/alabanda.cz\/index.php\/wp-json\/wp\/v2\/comments?post=5806"}],"wp:featuredmedia":[{"embeddable":true,"href":"https:\/\/alabanda.cz\/index.php\/wp-json\/wp\/v2\/media\/5807"}],"wp:attachment":[{"href":"https:\/\/alabanda.cz\/index.php\/wp-json\/wp\/v2\/media?parent=5806"}],"wp:term":[{"taxonomy":"product_brand","embeddable":true,"href":"https:\/\/alabanda.cz\/index.php\/wp-json\/wp\/v2\/product_brand?post=5806"},{"taxonomy":"product_cat","embeddable":true,"href":"https:\/\/alabanda.cz\/index.php\/wp-json\/wp\/v2\/product_cat?post=5806"},{"taxonomy":"product_tag","embeddable":true,"href":"https:\/\/alabanda.cz\/index.php\/wp-json\/wp\/v2\/product_tag?post=5806"}],"curies":[{"name":"wp","href":"https:\/\/api.w.org\/{rel}","templated":true}]}}