{"id":6816,"date":"2025-01-27T14:36:10","date_gmt":"2025-01-27T13:36:10","guid":{"rendered":"https:\/\/alabanda.cz\/?post_type=product&#038;p=6816"},"modified":"2025-11-26T22:42:54","modified_gmt":"2025-11-26T21:42:54","slug":"amazon-kindle-paperwhite-2024","status":"publish","type":"product","link":"https:\/\/alabanda.cz\/index.php\/produkt\/amazon-kindle-paperwhite-2024\/","title":{"rendered":"Amazon Kindle Paperwhite 2024"},"content":{"rendered":"<table width=\"713\">\n<tbody>\n<tr>\n<td><strong>Display<\/strong><\/td>\n<td>dotykov\u00fd display, velikost 7 palc\u016f a s rozli\u0161en\u00edm 300 ppi, optimalizovan\u00e1 technologie p\u00edsma, 16\u00farov\u0148ov\u00e1 stupnice \u0161ed\u00e9<\/td>\n<\/tr>\n<tr>\n<td><strong>Rozm\u011bry<\/strong><\/td>\n<td>\n<div class=\"cell1\"><\/div>\n<p>127,6 x 176,7 x 7,8 mm<\/td>\n<\/tr>\n<tr>\n<td><strong>Hmotnost<\/strong><\/td>\n<td>211g<\/td>\n<\/tr>\n<tr>\n<td><strong>Syst\u00e9mov\u00e9 po\u017eadavky<\/strong><\/td>\n<td><span class=\"HwtZe\" lang=\"cs\"><span class=\"jCAhz ChMk0b\"><span class=\"ryNqvb\">\u017d\u00e1dn\u00e9;<\/span><\/span> <span class=\"jCAhz ChMk0b\"><span class=\"ryNqvb\">pln\u011b bezdr\u00e1tov\u00e9 a ke sta\u017een\u00ed obsahu nevy\u017eaduje po\u010d\u00edta\u010d.<\/span><\/span><\/span><\/td>\n<\/tr>\n<tr>\n<td><strong>Pam\u011b\u0165<\/strong><\/td>\n<td>16 GB<\/td>\n<\/tr>\n<tr>\n<td><strong>Jazyk u\u017eivatelsk\u00e9ho prost\u0159ed\u00ed<\/strong><\/td>\n<td>Angli<span class=\"HwtZe\" lang=\"cs\"><span class=\"jCAhz ChMk0b\"><span class=\"ryNqvb\">\u010d<\/span><\/span><\/span>tina<\/td>\n<\/tr>\n<tr>\n<td><strong>Kapacita baterie<\/strong><\/td>\n<td><span class=\"HwtZe\" lang=\"cs\"><span class=\"jCAhz ChMk0b\"><span class=\"ryNqvb\">Na jedno nabit\u00ed vydr\u017e\u00ed a\u017e 12 t\u00fddn\u016f, na z\u00e1klad\u011b p\u016fl hodiny \u010dten\u00ed denn\u011b s vypnut\u00fdm bezdr\u00e1tov\u00fdm p\u0159ipojen\u00edm a nastaven\u00edm sv\u011btla na 13. V\u00fddr\u017e baterie se m\u016f\u017ee li\u0161it v z\u00e1vislosti na pou\u017e\u00edv\u00e1n\u00ed.<\/span><\/span> <span class=\"jCAhz ChMk0b\"><span class=\"ryNqvb\">Zvukov\u00e9 streamov\u00e1n\u00ed audioknih p\u0159es Bluetooth sn\u00ed\u017e\u00ed v\u00fddr\u017e baterie<\/span><\/span><\/span>.<\/p>\n<p><span class=\"HwtZe\" lang=\"cs\"><span class=\"jCAhz ChMk0b\"><span class=\"ryNqvb\">Pln\u011b se nabije za m\u00e9n\u011b ne\u017e 2,5 hodiny s 9W USB nap\u00e1jec\u00edm adapt\u00e9rem.<\/span><\/span><\/span><\/td>\n<\/tr>\n<tr>\n<td><strong>Vod<span class=\"HwtZe\" lang=\"cs\"><span class=\"jCAhz ChMk0b\"><span class=\"ryNqvb\">\u011b<\/span><\/span><\/span>odolnost<\/strong><\/td>\n<td>\n<div class=\"cell1\">\n<div class=\"name typeName first hasPopupInfo\"><span class=\"HwtZe\" lang=\"cs\"><span class=\"jCAhz ChMk0b\"><span class=\"ryNqvb\">Vodot\u011bsn\u00e9 (IPX8), testov\u00e1no, aby vydr\u017eelo pono\u0159en\u00ed do 2 metr\u016f sladk\u00e9 vody po dobu 60 minut.<\/span><\/span> <\/span><\/div>\n<\/div>\n<\/td>\n<\/tr>\n<tr>\n<td><strong>USB port<\/strong><\/td>\n<td><span class=\"value\">USB-C<\/span><\/td>\n<\/tr>\n<tr>\n<td><strong>Podporovan\u00e9 form\u00e1ty<\/strong><\/td>\n<td>\n<div class=\"cell1\">\n<div class=\"name typeName first hasPopupInfo\"><span class=\"HwtZe\" lang=\"cs\">\u00a0Kindle Format 8 (AZW3), Kindle (AZW), TXT, PDF, nechr\u00e1n\u011bn\u00e9 MOBI, PRC nativn\u011b; PDF, DOCX, DOC, HTML, EPUB, TXT, RTF, JPEG, GIF, PNG, BMP prost\u0159ednictv\u00edm konverze; Zvukov\u00fd form\u00e1t zvuku (AAX)<br \/>\n<\/span><\/div>\n<\/div>\n<\/td>\n<\/tr>\n<tr>\n<td><strong>Amazon<\/strong><\/td>\n<td>Po prvn\u00edm zapnut\u00ed \u010dte\u010dky je nutn\u00e9 si vybrat ke kter\u00e9mu \u00fa\u010dtu na Amazonu si svou \u010dte\u010dku p\u0159ihl\u00e1s\u00edte. Amazon poskytuje i technickou podporu.<\/td>\n<\/tr>\n<\/tbody>\n<\/table>\n","protected":false},"excerpt":{"rendered":"<p>Nov\u00fd Amazon Kindle Paperwhite (16GB) \u2013 nejrychlej\u0161\u00ed Kindle, s nov\u00fdm 7 palcov\u00fdm displejem.<\/p>\n<p><strong>Ke \u010dte\u010dce nab\u00edz\u00edme i pouzdro <a title=\"\" href=\"https:\/\/alabanda.cz\/index.php\/produkt\/pouzdro-pro-amazon-kindle-paperwhite-2024-colorsoft-b-safe-lock\/\">zde<\/a> <\/strong><\/p>\n<p><strong>Ide\u00e1ln\u00ed na cesty<\/strong> &#8211; Ultratenk\u00fd design a v\u011bt\u0161\u00ed antireflexn\u00ed obrazovka zaji\u0161\u0165uj\u00ed snadno \u010diteln\u00fd text kdykoli a kdekoli.<br \/>\n<strong>Pono\u0159te se do sv\u00fdch knih<\/strong> \u2013 \u010dten\u00ed na Kindle je bez soci\u00e1ln\u00edch m\u00e9di\u00ed, upozorn\u011bn\u00ed a dal\u0161\u00edch ru\u0161iv\u00fdch vliv\u016f, jako jsou aplikace.<br \/>\n<strong>Dostatek baterie i pro va\u0161e nejdel\u0161\u00ed rom\u00e1ny<\/strong> \u2013 na jedno nabit\u00ed p\u0159es USB-C vydr\u017e\u00ed a\u017e 12 t\u00fddn\u016f.<br \/>\n<strong>Pro v\u0161echny sv\u011bteln\u00e9 podm\u00ednky<\/strong> &#8211; Upravte teplotu barev, od b\u00edl\u00e9 po jantarovou, pro snadn\u00e9 \u010dten\u00ed ve tm\u011b i na jasn\u00e9m slunci.<br \/>\n<strong>Vodot\u011bsn\u00e9, pro \u010dten\u00ed bez starost<\/strong>\u00ed \u2013 va\u0161e p\u0159\u00edb\u011bhy v\u017edy s sebou, dokonce i v koupeln\u011b, u baz\u00e9nu a v\u0161ude jinde.<br \/>\nKindle Paperwhite 2024 m\u00e1 vy\u0161\u0161\u00ed kontrast a ot\u00e1\u010den\u00ed str\u00e1nek nyn\u00ed je o 20 % rychlej\u0161\u00ed\u00ed.<\/p>\n","protected":false},"featured_media":6818,"comment_status":"open","ping_status":"closed","template":"","meta":{"om_disable_all_campaigns":false,"_monsterinsights_skip_tracking":false,"_monsterinsights_sitenote_active":false,"_monsterinsights_sitenote_note":"","_monsterinsights_sitenote_category":0},"product_brand":[],"product_cat":[60],"product_tag":[],"class_list":{"0":"post-6816","1":"product","2":"type-product","3":"status-publish","4":"has-post-thumbnail","6":"product_cat-vsechno","8":"first","9":"onbackorder","10":"sale","11":"shipping-taxable","12":"purchasable","13":"product-type-variable","14":"has-default-attributes"},"jetpack_sharing_enabled":true,"_links":{"self":[{"href":"https:\/\/alabanda.cz\/index.php\/wp-json\/wp\/v2\/product\/6816","targetHints":{"allow":["GET"]}}],"collection":[{"href":"https:\/\/alabanda.cz\/index.php\/wp-json\/wp\/v2\/product"}],"about":[{"href":"https:\/\/alabanda.cz\/index.php\/wp-json\/wp\/v2\/types\/product"}],"replies":[{"embeddable":true,"href":"https:\/\/alabanda.cz\/index.php\/wp-json\/wp\/v2\/comments?post=6816"}],"wp:featuredmedia":[{"embeddable":true,"href":"https:\/\/alabanda.cz\/index.php\/wp-json\/wp\/v2\/media\/6818"}],"wp:attachment":[{"href":"https:\/\/alabanda.cz\/index.php\/wp-json\/wp\/v2\/media?parent=6816"}],"wp:term":[{"taxonomy":"product_brand","embeddable":true,"href":"https:\/\/alabanda.cz\/index.php\/wp-json\/wp\/v2\/product_brand?post=6816"},{"taxonomy":"product_cat","embeddable":true,"href":"https:\/\/alabanda.cz\/index.php\/wp-json\/wp\/v2\/product_cat?post=6816"},{"taxonomy":"product_tag","embeddable":true,"href":"https:\/\/alabanda.cz\/index.php\/wp-json\/wp\/v2\/product_tag?post=6816"}],"curies":[{"name":"wp","href":"https:\/\/api.w.org\/{rel}","templated":true}]}}