{"id":6856,"date":"2025-02-06T11:17:22","date_gmt":"2025-02-06T10:17:22","guid":{"rendered":"https:\/\/alabanda.cz\/?post_type=product&#038;p=6856"},"modified":"2025-02-06T11:20:47","modified_gmt":"2025-02-06T10:20:47","slug":"amazon-kindle-colorsoft-signature-edition","status":"publish","type":"product","link":"https:\/\/alabanda.cz\/index.php\/produkt\/amazon-kindle-colorsoft-signature-edition\/","title":{"rendered":"Amazon Kindle Colorsoft Signature Edition"},"content":{"rendered":"<div class=\"usGWQd\">\n<div class=\"KkbLmb\">\n<div class=\"lRu31\" dir=\"ltr\">\n<table width=\"713\">\n<tbody>\n<tr>\n<td><strong>Display<\/strong><\/td>\n<td><span class=\"HwtZe\" lang=\"cs\"><span class=\"jCAhz ChMk0b\"><span class=\"ryNqvb\">Amazon 7\u201d Colorsoft s vestav\u011bn\u00fdm sv\u011btlem, 300 ppi \u010dernob\u00edle, 150 ppi barev, optimalizovan\u00e1 technologie p\u00edsma, 16-\u00farov\u0148ov\u00e1 stupnice \u0161ed\u00e9.<\/span><\/span><\/span><\/td>\n<\/tr>\n<tr>\n<td><strong>Rozm\u011bry<\/strong><\/td>\n<td>\n<div class=\"cell1\">\n<div class=\"name typeName first hasPopupInfo\"><\/div>\n<\/div>\n<p>127.6 x 176.7 x 7.8 mm<\/td>\n<\/tr>\n<tr>\n<td><strong>Hmotnost<\/strong><\/td>\n<td>219 g<\/td>\n<\/tr>\n<tr>\n<td><strong>Syst\u00e9mov\u00e9 po\u017eadavky<\/strong><\/td>\n<td><span class=\"HwtZe\" lang=\"cs\"><span class=\"jCAhz ChMk0b\"><span class=\"ryNqvb\">\u017d\u00e1dn\u00e9;<\/span><\/span> <span class=\"jCAhz ChMk0b\"><span class=\"ryNqvb\">pln\u011b bezdr\u00e1tov\u00e9 a ke sta\u017een\u00ed obsahu nevy\u017eaduje po\u010d\u00edta\u010d.<\/span><\/span><\/span><\/td>\n<\/tr>\n<tr>\n<td><strong>Pam\u011b\u0165<\/strong><\/td>\n<td>32 GB<\/td>\n<\/tr>\n<tr>\n<td><strong>Jazyk u\u017eivatelsk\u00e9ho prost\u0159ed\u00ed<\/strong><\/td>\n<td>Angli<span class=\"HwtZe\" lang=\"cs\"><span class=\"jCAhz ChMk0b\"><span class=\"ryNqvb\">\u010d<\/span><\/span><\/span>tina<\/td>\n<\/tr>\n<tr>\n<td><strong>Kapacita baterie<\/strong><\/td>\n<td><span class=\"HwtZe\" lang=\"cs\"><span class=\"jCAhz ChMk0b\"><span class=\"ryNqvb\">Na jedno nabit\u00ed vydr\u017e\u00ed a\u017e osm t\u00fddn\u016f, na z\u00e1klad\u011b p\u016fl hodiny \u010dten\u00ed denn\u011b s vypnut\u00fdm bezdr\u00e1tov\u00fdm p\u0159ipojen\u00edm a nastaven\u00edm sv\u011btla na 13. V\u00fddr\u017e baterie se m\u016f\u017ee li\u0161it v z\u00e1vislosti na pou\u017e\u00edv\u00e1n\u00ed.<\/span><\/span> <span class=\"jCAhz ChMk0b\"><span class=\"ryNqvb\">Zvukov\u00e9 streamov\u00e1n\u00ed audioknih p\u0159es Bluetooth sn\u00ed\u017e\u00ed v\u00fddr\u017e baterie<\/span><\/span><\/span>.<\/p>\n<p><span class=\"HwtZe\" lang=\"cs\"><span class=\"jCAhz ChMk0b\"><span class=\"ryNqvb\">Pln\u011b se nabije za m\u00e9n\u011b ne\u017e 2,5 hodiny s 9W USB nap\u00e1jec\u00edm adapt\u00e9rem.<\/span><\/span><\/span><\/td>\n<\/tr>\n<tr>\n<td><strong>Vod<span class=\"HwtZe\" lang=\"cs\"><span class=\"jCAhz ChMk0b\"><span class=\"ryNqvb\">\u011b<\/span><\/span><\/span>odolnost<\/strong><\/td>\n<td>\n<div class=\"cell1\">\n<div class=\"name typeName first hasPopupInfo\"><span class=\"HwtZe\" lang=\"cs\"><span class=\"jCAhz ChMk0b\"><span class=\"ryNqvb\">Vodot\u011bsn\u00e9 (IPX8), testov\u00e1no, aby vydr\u017eelo pono\u0159en\u00ed do 2 metr\u016f sladk\u00e9 vody po dobu 60 minut.<\/span><\/span> <\/span><\/div>\n<\/div>\n<\/td>\n<\/tr>\n<tr>\n<td><strong>USB port<\/strong><\/td>\n<td><span class=\"value\">USB-C<\/span><\/td>\n<\/tr>\n<tr>\n<td><strong>Podporovan\u00e9 form\u00e1ty<\/strong><\/td>\n<td>\n<div class=\"cell1\">\n<div class=\"name typeName first hasPopupInfo\"><span class=\"HwtZe\" lang=\"cs\"><span class=\"jCAhz ChMk0b\"><span class=\"ryNqvb\">Kindle Format 8 (AZW3), Kindle (AZW), TXT, PDF, nechr\u00e1n\u011bn\u00e9 MOBI, PRC nativn\u011b;<\/span><\/span> <span class=\"jCAhz ChMk0b\"><span class=\"ryNqvb\">PDF, DOCX, DOC, HTML, EPUB, TXT, RTF, JPEG, GIF, PNG, BMP prost\u0159ednictv\u00edm konverze;<\/span><\/span> <span class=\"jCAhz ChMk0b\"><span class=\"ryNqvb\">Zvukov\u00fd form\u00e1t zvuku (AAX).<\/span><\/span><\/span><\/div>\n<\/div>\n<\/td>\n<\/tr>\n<tr>\n<td><strong>Amazon<\/strong><\/td>\n<td>Po prvn\u00edm zapnut\u00ed \u010dte\u010dky je nutn\u00e9 si vybrat ke kter\u00e9mu \u00fa\u010dtu na Amazonu si svou \u010dte\u010dku p\u0159ihl\u00e1s\u00edte. Amazon poskytuje i technickou podporu.<\/td>\n<\/tr>\n<\/tbody>\n<\/table>\n<\/div>\n<\/div>\n<\/div>\n<p>&nbsp;<\/p>\n","protected":false},"excerpt":{"rendered":"<p>P\u0159edstavujeme V<span class=\"HwtZe\" lang=\"cs\"><span class=\"jCAhz ChMk0b\"><span class=\"ryNqvb\">\u00e1<\/span><\/span><\/span>m prvn<span class=\"HwtZe\" lang=\"cs\"><span class=\"jCAhz ChMk0b\"><span class=\"ryNqvb\">\u00ed<\/span><\/span><\/span> barevn<span class=\"HwtZe\" lang=\"cs\"><span class=\"jCAhz ChMk0b\"><span class=\"ryNqvb\">\u00fd<\/span><\/span><\/span> Kindle od Amazonu. Knihy a komiksy jako nikdy p\u0159edt\u00edm. <strong>BAREVN\u00dd A BEZ REKLAM<\/strong><\/p>\n<p><strong>Ke \u010dte\u010dce nab\u00edz\u00edme i pouzdro <a title=\"\" href=\"https:\/\/alabanda.cz\/index.php\/produkt\/pouzdro-pro-amazon-kindle-paperwhite-2024-colorsoft-b-safe-lock\/\">zde<\/a>.<\/strong><\/p>\n<p><strong>Amazon Kindle Colorsoft Signature Edition<\/strong> s barevn<span class=\"HwtZe\" lang=\"cs\"><span class=\"jCAhz ChMk0b\"><span class=\"ryNqvb\">\u00fd<\/span><\/span><\/span>m displejem a pam<span class=\"HwtZe\" lang=\"cs\"><span class=\"jCAhz ChMk0b\"><span class=\"ryNqvb\">\u011b<\/span><\/span><\/span>t\u00ed <strong>32 GB<\/strong>. S touto novou elektronickou <span class=\"HwtZe\" lang=\"cs\"><span class=\"jCAhz\"><span class=\"ryNqvb\">\u010d<\/span><\/span><\/span>teckou knih, s <span class=\"HwtZe\" lang=\"cs\"><span class=\"jCAhz ChMk0b\"><span class=\"ryNqvb\">automatick\u00fdm nastaven\u00edm p\u0159edn\u00edho sv\u011btla, bezdr\u00e1tov\u00fdm nab\u00edjen\u00edm a dlouhou v\u00fddr\u017e\u00ed baterie, bude <span class=\"jCAhz\">\u010d<\/span>ten\u00ed jest\u011b zabavn\u011bj<span class=\"jCAhz\">\u0161<\/span>\u00ed.<\/span><\/span><\/span><\/p>\n<div class=\"usGWQd\">\n<div class=\"KkbLmb\">\n<div class=\"lRu31\" dir=\"ltr\"><span class=\"HwtZe\" lang=\"cs\"><span class=\"jCAhz ChMk0b\"><span class=\"ryNqvb\"><strong>\u010ct\u011bte barevn\u011b<\/strong> \u2013 Nov\u00fd 7&#8243; displej Colorsoft je vysoce kontrastn\u00ed a nen\u00e1ro\u010dn\u00fd na o\u010di, s barvou podobnou pap\u00edru, kter\u00e1 o\u017eivuje obaly a obsah. <\/span><\/span><\/span><\/div>\n<div class=\"lRu31\" dir=\"ltr\"><span class=\"HwtZe\" lang=\"cs\"><span class=\"jCAhz ChMk0b\"><span class=\"ryNqvb\"><strong>Vybarv\u011bte si str\u00e1nky<\/strong> \u2013 Zv\u00fdrazn\u011bte sv\u00e9 obl\u00edben\u00e9 sc\u00e9ny \u017elutou, oran\u017eovou, modrou a r\u016f\u017eovou barvou. <\/span><\/span><\/span><\/div>\n<div class=\"lRu31\" dir=\"ltr\"><span class=\"HwtZe\" lang=\"cs\"><span class=\"jCAhz\"><span class=\"ryNqvb\"><strong>Marathon \u010dten\u00ed<\/strong> \u2013 Jedno nabit\u00ed p\u0159es USB-C vydr\u017e\u00ed a\u017e 8 t\u00fddn\u016f, nebo nab<span class=\"jCAhz ChMk0b\">\u00ed<\/span>jejte pomoc\u00ed bezdr\u00e1tov\u00e9ho nab\u00edjec\u00edho doku (prod\u00e1v\u00e1 se samostatn\u011b).<\/span><\/span><\/span><\/div>\n<div class=\"lRu31\" dir=\"ltr\"><span class=\"HwtZe\" lang=\"cs\"><span class=\"jCAhz\"><span class=\"ryNqvb\"><strong>P\u0159izp\u016fsob\u00ed se va\u0161emu okol\u00ed<\/strong> \u2013 Displej bez osln\u011bn\u00ed a automatick\u00e9 nastaven\u00ed p\u0159edn\u00edho sv\u011btla V\u00e1m umo\u017en\u00ed \u010d\u00edst na nejjasn\u011bj\u0161\u00edm slune\u010dn\u00edm sv\u011btle nebo dlouho do noci. <\/span><\/span><\/span><\/div>\n<div class=\"lRu31\" dir=\"ltr\"><span class=\"HwtZe\" lang=\"cs\"><span class=\"jCAhz ChMk0b\"><span class=\"ryNqvb\"><strong>Unikn\u011bte do sv\u00fdch knih<\/strong> \u2013 V\u00e1\u0161 Kindle nem\u00e1 soci\u00e1ln\u00ed m\u00e9dia, ozn\u00e1men\u00ed ani jin\u00e9 ru\u0161iv\u00e9 aplikace. <\/span><\/span><\/span><\/div>\n<div class=\"lRu31\" dir=\"ltr\"><span class=\"HwtZe\" lang=\"cs\"><span class=\"jCAhz ChMk0b\"><span class=\"ryNqvb\"><strong>V\u00edce knih na v\u00edce m\u00edstech<\/strong> \u2013 P\u0159ineste svou knihovnu spolu s tenk\u00fdm, lehk\u00fdm designem a 32 GB \u00falo\u017ei\u0161t\u011bm. <\/span><\/span><\/span><\/div>\n<div class=\"lRu31\" dir=\"ltr\"><span class=\"HwtZe\" lang=\"cs\"><span class=\"jCAhz ChMk0b\"><span class=\"ryNqvb\"><strong>Vodot\u011bsn\u00e9 a bez starost\u00ed<\/strong> \u2013 Vezm\u011bte si sv\u00e9 p\u0159\u00edb\u011bhy k baz\u00e9nu, do vany nebo kamkoliv mezi t\u00edm.<br \/>\n<\/span><\/span><\/span><\/div>\n<\/div>\n<\/div>\n","protected":false},"featured_media":6858,"comment_status":"open","ping_status":"closed","template":"","meta":{"om_disable_all_campaigns":false,"_monsterinsights_skip_tracking":false,"_monsterinsights_sitenote_active":false,"_monsterinsights_sitenote_note":"","_monsterinsights_sitenote_category":0},"product_brand":[],"product_cat":[60],"product_tag":[],"class_list":{"0":"post-6856","1":"product","2":"type-product","3":"status-publish","4":"has-post-thumbnail","6":"product_cat-vsechno","8":"first","9":"outofstock","10":"shipping-taxable","11":"purchasable","12":"product-type-variable","13":"has-default-attributes"},"jetpack_sharing_enabled":true,"_links":{"self":[{"href":"https:\/\/alabanda.cz\/index.php\/wp-json\/wp\/v2\/product\/6856","targetHints":{"allow":["GET"]}}],"collection":[{"href":"https:\/\/alabanda.cz\/index.php\/wp-json\/wp\/v2\/product"}],"about":[{"href":"https:\/\/alabanda.cz\/index.php\/wp-json\/wp\/v2\/types\/product"}],"replies":[{"embeddable":true,"href":"https:\/\/alabanda.cz\/index.php\/wp-json\/wp\/v2\/comments?post=6856"}],"wp:featuredmedia":[{"embeddable":true,"href":"https:\/\/alabanda.cz\/index.php\/wp-json\/wp\/v2\/media\/6858"}],"wp:attachment":[{"href":"https:\/\/alabanda.cz\/index.php\/wp-json\/wp\/v2\/media?parent=6856"}],"wp:term":[{"taxonomy":"product_brand","embeddable":true,"href":"https:\/\/alabanda.cz\/index.php\/wp-json\/wp\/v2\/product_brand?post=6856"},{"taxonomy":"product_cat","embeddable":true,"href":"https:\/\/alabanda.cz\/index.php\/wp-json\/wp\/v2\/product_cat?post=6856"},{"taxonomy":"product_tag","embeddable":true,"href":"https:\/\/alabanda.cz\/index.php\/wp-json\/wp\/v2\/product_tag?post=6856"}],"curies":[{"name":"wp","href":"https:\/\/api.w.org\/{rel}","templated":true}]}}