{"id":6863,"date":"2025-09-04T09:19:20","date_gmt":"2025-09-04T07:19:20","guid":{"rendered":"https:\/\/alabanda.cz\/?post_type=product&#038;p=6863"},"modified":"2026-03-02T18:57:22","modified_gmt":"2026-03-02T17:57:22","slug":"amazon-echo-pop","status":"publish","type":"product","link":"https:\/\/alabanda.cz\/index.php\/produkt\/amazon-echo-pop\/","title":{"rendered":"Amazon Echo Pop"},"content":{"rendered":"<p>Kompaktn\u00ed Bluetooth chytr\u00fd reproduktor s Alexou<\/p>\n<p>P\u0159ehr\u00e1v\u00e1 hudbu, audioknihy a podcasty<\/p>\n<p>Ovl\u00e1d\u00e1n\u00ed hlasem, mo\u017enost p\u0159ipojit smartphone<\/p>\n<p>Kompaktn\u00ed se za\u0159\u00edzen\u00edmi chytr\u00e9 dom\u00e1cnosti (z\u00e1str\u010dky, sv\u011btla)<\/p>\n<p>Alexa neza\u010dne poslouchat, dokud va\u0161e za\u0159\u00edzen\u00ed neusly\u0161\u00ed, jak \u0159\u00edk\u00e1te \u201eAlexa\u201c a sv\u011bteln\u00e1 li\u0161ta se zm\u011bn\u00ed na modrou.<\/p>\n","protected":false},"excerpt":{"rendered":"<p>Kompaktn\u00ed Bluetooth chytr\u00fd reproduktor s Alexou P\u0159ehr\u00e1v\u00e1 hudbu, audioknihy a podcasty Ovl\u00e1d\u00e1n\u00ed hlasem, mo\u017enost p\u0159ipojit smartphone Kompaktn\u00ed se za\u0159\u00edzen\u00edmi chytr\u00e9&hellip;<\/p>\n","protected":false},"featured_media":6897,"comment_status":"open","ping_status":"closed","template":"","meta":{"om_disable_all_campaigns":false,"_monsterinsights_skip_tracking":false,"_monsterinsights_sitenote_active":false,"_monsterinsights_sitenote_note":"","_monsterinsights_sitenote_category":0},"product_brand":[],"product_cat":[151,60],"product_tag":[],"class_list":{"0":"post-6863","1":"product","2":"type-product","3":"status-publish","4":"has-post-thumbnail","6":"product_cat-hlasovi-asistenti","7":"product_cat-vsechno","9":"first","10":"instock","11":"shipping-taxable","12":"purchasable","13":"product-type-variable","14":"has-default-attributes"},"jetpack_sharing_enabled":true,"_links":{"self":[{"href":"https:\/\/alabanda.cz\/index.php\/wp-json\/wp\/v2\/product\/6863","targetHints":{"allow":["GET"]}}],"collection":[{"href":"https:\/\/alabanda.cz\/index.php\/wp-json\/wp\/v2\/product"}],"about":[{"href":"https:\/\/alabanda.cz\/index.php\/wp-json\/wp\/v2\/types\/product"}],"replies":[{"embeddable":true,"href":"https:\/\/alabanda.cz\/index.php\/wp-json\/wp\/v2\/comments?post=6863"}],"wp:featuredmedia":[{"embeddable":true,"href":"https:\/\/alabanda.cz\/index.php\/wp-json\/wp\/v2\/media\/6897"}],"wp:attachment":[{"href":"https:\/\/alabanda.cz\/index.php\/wp-json\/wp\/v2\/media?parent=6863"}],"wp:term":[{"taxonomy":"product_brand","embeddable":true,"href":"https:\/\/alabanda.cz\/index.php\/wp-json\/wp\/v2\/product_brand?post=6863"},{"taxonomy":"product_cat","embeddable":true,"href":"https:\/\/alabanda.cz\/index.php\/wp-json\/wp\/v2\/product_cat?post=6863"},{"taxonomy":"product_tag","embeddable":true,"href":"https:\/\/alabanda.cz\/index.php\/wp-json\/wp\/v2\/product_tag?post=6863"}],"curies":[{"name":"wp","href":"https:\/\/api.w.org\/{rel}","templated":true}]}}