{"id":6905,"date":"2025-11-23T18:22:01","date_gmt":"2025-11-23T17:22:01","guid":{"rendered":"https:\/\/alabanda.cz\/?post_type=product&#038;p=6905"},"modified":"2026-03-29T11:20:31","modified_gmt":"2026-03-29T09:20:31","slug":"alabanda-pouzdro-pro-amazon-kindle-2022","status":"publish","type":"product","link":"https:\/\/alabanda.cz\/index.php\/produkt\/alabanda-pouzdro-pro-amazon-kindle-2022\/","title":{"rendered":"Alabanda pouzdro pro Amazon Kindle 2022"},"content":{"rendered":"<p style=\"text-align: center;\"><strong>Pouzdro Alabanda\u00a0<\/strong><\/p>\n<p>Pouzdro Alabanda je obal obl\u00edben\u00e9 nacvak\u00e1vac\u00ed konstrukce, kter\u00e1 umo\u017e\u0148uje, aby pouzdro \u010dte\u010dku dob\u0159e chr\u00e1nilo a p\u0159itom bylo skoro neviditeln\u00e9. Minim\u00e1ln\u00ed rozm\u011bry pouzdra zaji\u0161\u0165uj\u00ed, \u017ee va\u0161e \u010dte\u010dka Amazon Kindle 2022 zbyte\u010dn\u011b nenabude na objemu. Pouzdro je vhodn\u00e9 pro Amazon Kindle 2022 a Amazon Kindle 2022 Kids.<\/p>\n<p><strong>Materi\u00e1l a konstrukce<\/strong><\/p>\n<p>Pouzdro je vyrobeno kombinac\u00ed tvrzen\u00e9ho plastu a um\u011bl\u00e9 k\u016f\u017ee, tato pouzdra b\u00fdvaj\u00ed \u010dasto ozna\u010dena jako Durable nebo Hardcover. Vzhledem ke konstrukci je vhodn\u00e9 pouze pro \u010dte\u010dku\u00a0 Amazon Kindle 2022, kter\u00e9 je vytvo\u0159eno p\u0159\u00edmo na m\u00edru.<\/p>\n<p>Vnit\u0159ek je ze semi\u0161e \u0161ed\u00e9 barvy, kter\u00fd je \u0161etrn\u00fd k displeji.<\/p>\n<p><strong>Magnetick\u00fd z\u00e1mek a funkce Wakeup\/Sleep<\/strong><\/p>\n<p>Pouzdro je vybaveno magnetick\u00fdm z\u00e1mkem &#8211; p\u0159i sklopen\u00ed (zav\u0159en\u00ed) desek pouzdra, se magnet v lev\u00e9 desce p\u0159ichyt\u00ed na \u010dte\u010dku, pouzdro tak dr\u017e\u00ed zav\u0159en\u00e9 a nehroz\u00ed necht\u011bn\u00e9 otev\u0159en\u00ed pouzdra.<\/p>\n<p>P\u0159edn\u00ed desku je samoz\u0159ejm\u011b mo\u017en\u00e9 odklopit k z\u00e1d\u016fm \u010dte\u010dky a dr\u017eet tak pohodln\u011b \u010dte\u010dku s pouzdrem v jedn\u00e9 ruce.<\/p>\n<p>Pouzdro podporuje funkci Wakeup\/Sleep tedy automatick\u00e9 usp\u00e1n\u00ed a probuzen\u00ed \u010dte\u010dky po zav\u0159en\u00ed, respektive otev\u0159en\u00ed pouzdra.<\/p>\n","protected":false},"excerpt":{"rendered":"<p>Pouzdro Alabanda\u00a0 Pouzdro Alabanda je obal obl\u00edben\u00e9 nacvak\u00e1vac\u00ed konstrukce, kter\u00e1 umo\u017e\u0148uje, aby pouzdro \u010dte\u010dku dob\u0159e chr\u00e1nilo a p\u0159itom bylo skoro&hellip;<\/p>\n","protected":false},"featured_media":4447,"comment_status":"open","ping_status":"closed","template":"","meta":{"om_disable_all_campaigns":false,"_monsterinsights_skip_tracking":false,"_monsterinsights_sitenote_active":false,"_monsterinsights_sitenote_note":"","_monsterinsights_sitenote_category":0},"product_brand":[],"product_cat":[238,60],"product_tag":[],"class_list":{"0":"post-6905","1":"product","2":"type-product","3":"status-publish","4":"has-post-thumbnail","6":"product_cat-pouzdra-na-ctecky-knih","7":"product_cat-vsechno","9":"first","10":"instock","11":"sale","12":"shipping-taxable","13":"purchasable","14":"product-type-variable","15":"has-default-attributes"},"jetpack_sharing_enabled":true,"_links":{"self":[{"href":"https:\/\/alabanda.cz\/index.php\/wp-json\/wp\/v2\/product\/6905","targetHints":{"allow":["GET"]}}],"collection":[{"href":"https:\/\/alabanda.cz\/index.php\/wp-json\/wp\/v2\/product"}],"about":[{"href":"https:\/\/alabanda.cz\/index.php\/wp-json\/wp\/v2\/types\/product"}],"replies":[{"embeddable":true,"href":"https:\/\/alabanda.cz\/index.php\/wp-json\/wp\/v2\/comments?post=6905"}],"wp:featuredmedia":[{"embeddable":true,"href":"https:\/\/alabanda.cz\/index.php\/wp-json\/wp\/v2\/media\/4447"}],"wp:attachment":[{"href":"https:\/\/alabanda.cz\/index.php\/wp-json\/wp\/v2\/media?parent=6905"}],"wp:term":[{"taxonomy":"product_brand","embeddable":true,"href":"https:\/\/alabanda.cz\/index.php\/wp-json\/wp\/v2\/product_brand?post=6905"},{"taxonomy":"product_cat","embeddable":true,"href":"https:\/\/alabanda.cz\/index.php\/wp-json\/wp\/v2\/product_cat?post=6905"},{"taxonomy":"product_tag","embeddable":true,"href":"https:\/\/alabanda.cz\/index.php\/wp-json\/wp\/v2\/product_tag?post=6905"}],"curies":[{"name":"wp","href":"https:\/\/api.w.org\/{rel}","templated":true}]}}